{"id":608,"date":"2024-11-09T04:51:28","date_gmt":"2024-11-09T04:51:28","guid":{"rendered":"https:\/\/longlinefishing.biz\/fr\/?page_id=608"},"modified":"2024-11-14T23:28:00","modified_gmt":"2024-11-14T23:28:00","slug":"treuil-pour-palangre","status":"publish","type":"page","link":"https:\/\/longlinefishing.biz\/fr\/treuil-pour-palangre\/","title":{"rendered":"Treuil pour Palangre"},"content":{"rendered":"<div id=\"pl-608\"  class=\"panel-layout\" ><div id=\"pg-608-0\"  class=\"panel-grid panel-has-style\" ><div class=\"panel-row-style panel-row-style-for-608-0\" ><div id=\"pgc-608-0-0\"  class=\"panel-grid-cell\" ><div id=\"panel-608-0-0-0\" class=\"so-panel widget widget_siteorigin-panels-builder panel-first-child panel-last-child\" data-index=\"0\" ><div id=\"pl-w672eedc4da773\"  class=\"panel-layout\" ><div id=\"pg-w672eedc4da773-0\"  class=\"panel-grid panel-no-style\" ><div id=\"pgc-w672eedc4da773-0-0\"  class=\"panel-grid-cell\" ><div id=\"panel-w672eedc4da773-0-0-0\" class=\"so-panel widget widget_sow-headline panel-first-child panel-last-child\" data-index=\"0\" ><div\n\t\t\t\n\t\t\tclass=\"so-widget-sow-headline so-widget-sow-headline-default-8925baf82f97\"\n\t\t\t\n\t\t><div class=\"sow-headline-container \">\n\t\t\t\t\t\t\t<h1 class=\"sow-headline\">\n\t\t\t\t\t\tP\u00caCHE \u00c0 LA PALANGRE AVEC BOBINES HYDRAULIQUES\t\t\t\t\t\t<\/h1>\n\t\t\t\t\t\t\t\t\t\t\t\t<h2 class=\"sow-sub-headline\">\n\t\t\t\t\t\tP\u00eache \u00e9conomique et simple du thon, du merlu, de la morue et du fl\u00e9tan\t\t\t\t\t\t<\/h2>\n\t\t\t\t\t\t<\/div>\n<\/div><\/div><\/div><div id=\"pgc-w672eedc4da773-0-1\"  class=\"panel-grid-cell\" ><div id=\"panel-w672eedc4da773-0-1-0\" class=\"so-panel widget widget_sow-image panel-first-child panel-last-child\" data-index=\"1\" ><div\n\t\t\t\n\t\t\tclass=\"so-widget-sow-image so-widget-sow-image-default-c67d20f9f743\"\n\t\t\t\n\t\t>\n\n<div class=\"sow-image-container\">\n\t\t<img loading=\"lazy\" decoding=\"async\" src=\"https:\/\/longlinefishing.biz\/fr\/wp-content\/uploads\/2024\/11\/havfiskeri-white.png\" width=\"489\" height=\"215\" srcset=\"https:\/\/longlinefishing.biz\/fr\/wp-content\/uploads\/2024\/11\/havfiskeri-white.png 489w, https:\/\/longlinefishing.biz\/fr\/wp-content\/uploads\/2024\/11\/havfiskeri-white-300x132.png 300w\" sizes=\"auto, (max-width: 489px) 100vw, 489px\" alt=\"\" \t\tclass=\"so-widget-image\"\/>\n\t<\/div>\n\n<\/div><\/div><\/div><\/div><\/div><\/div><\/div><\/div><\/div><div id=\"pg-608-1\"  class=\"panel-grid panel-has-style\" ><div class=\"panel-row-style panel-row-style-for-608-1\" ><div id=\"pgc-608-1-0\"  class=\"panel-grid-cell\" ><div id=\"panel-608-1-0-0\" class=\"so-panel widget widget_siteorigin-panels-builder panel-first-child panel-last-child\" data-index=\"1\" ><div id=\"pl-w672ef0f29d8f9\"  class=\"panel-layout\" ><div id=\"pg-w672ef0f29d8f9-0\"  class=\"panel-grid panel-no-style\" ><div id=\"pgc-w672ef0f29d8f9-0-0\"  class=\"panel-grid-cell\" ><div id=\"panel-w672ef0f29d8f9-0-0-0\" class=\"so-panel widget widget_sow-video panel-first-child panel-last-child\" data-index=\"0\" ><div\n\t\t\t\n\t\t\tclass=\"so-widget-sow-video so-widget-sow-video-default-f379b959fc93\"\n\t\t\t\n\t\t>\n<div class=\"sow-video-wrapper no-controls\">\n\t\t\t<video\n\t\t\t\t\t\t\tid=\"sow-player-1\" \t\t\t\t\t\t\tclass=\"sow-video-widget\" \t\t\t\t\t\t\tpreload=\"auto\" \t\t\t\t\t\t\tstyle=\"width:100%;height:100%;\" \t\t\t\t\t\t\tposter=\"https:\/\/longlinefishing.biz\/fr\/wp-content\/uploads\/2024\/11\/video-cover-image.png\" \t\t\t\t\t\t\t\t>\n\t\t\t\t\t\t\t<source type=\"video\/mp4\" src=\"https:\/\/longlinefishing.biz\/fr\/wp-content\/uploads\/2024\/11\/tuna-fish-catching-ocean.mp4\"\/>\n\t\t\t\t\t<\/video>\n\t<\/div>\n<\/div><\/div><\/div><div id=\"pgc-w672ef0f29d8f9-0-1\"  class=\"panel-grid-cell\" ><div id=\"panel-w672ef0f29d8f9-0-1-0\" class=\"widget_text so-panel widget widget_custom_html panel-first-child panel-last-child\" data-index=\"1\" ><div class=\"textwidget custom-html-widget\"><h2>Technologie \u00e9prouv\u00e9e<\/h2>\n<p>Lindgren Pitman Inc en Floride fabrique et distribue des bobines de palangre depuis 40 ans. Notre agence en Norv\u00e8ge compte aujourd'hui 60 bateaux qui p\u00eachent avec ces bobines. Nous vendons des mini-bobines LP qui conviennent aux bateaux de 25 \u00e0 40 pieds. Les paniers ne sont plus n\u00e9cessaires.<\/p>\n<p>Son impl\u00e9mentation a r\u00e9volutionn\u00e9 la p\u00eache de fond au fl\u00e9tan, surpassant les prises norv\u00e9giennes aux filets maillants et \u00e0 la palangre automatique.<\/p>\n\n<h2>Acc\u00e8s au march\u00e9 europ\u00e9en<\/h2>\n<p>Les bobines sont exp\u00e9di\u00e9es de Miami vers n'importe quel a\u00e9roport europ\u00e9en majeur par avion et transport\u00e9es par route jusqu'\u00e0 votre port. L'installation sur votre bateau est simple et n\u00e9cessite de petites capacit\u00e9s d'huile hydraulique et de pression pour donner la puissance dont vous avez besoin.<\/p><\/div><\/div><\/div><div id=\"pgc-w672ef0f29d8f9-0-2\"  class=\"panel-grid-cell\" ><div id=\"panel-w672ef0f29d8f9-0-2-0\" class=\"widget_text so-panel widget widget_custom_html panel-first-child panel-last-child\" data-index=\"2\" ><div class=\"textwidget custom-html-widget\"><h2>Mat\u00e9riel de p\u00eache<\/h2>\n<p>La ligne (monofilament 3,6 mm ou tress\u00e9e 5,0 mm) est fabriqu\u00e9e en Italie et en Espagne, les n\u0153uds d'arr\u00eat sur le mono (pour emp\u00eacher les clips de glisser) sont mont\u00e9s dans notre atelier au Portugal et les snoods sont fabriqu\u00e9s ici avec du mat\u00e9riel provenant de Cor\u00e9e du Sud, du Vietnam, de Ta\u00efwan et d'Espagne selon la commande exacte du client. Les chargeurs (qui contiennent 200 \u00e0 400 bas de ligne chacun) sont fabriqu\u00e9s en Norv\u00e8ge et en Estonie, et tout est emball\u00e9 sur une palette et livr\u00e9 avant l'arriv\u00e9e de la bobine de Miami.<\/p>\n\n<h2>Pas lourd et cher<\/h2>\n<p>Les bobines ont une empreinte de 10 \u00e0 15 pieds carr\u00e9s et p\u00e8sent \u00e0 partir de 400 Kg avec la ligne, et co\u00fbtent, livr\u00e9es, \u20ac16 000 avec outils et pi\u00e8ces de rechange pour la plus petite bobine avec 500 snoods pour le thon ou 1 200 bas de ligne pour la p\u00eache de fond comme le fl\u00e9tan, la morue ou le merlu.<\/p><\/div><\/div><\/div><\/div><\/div><\/div><\/div><div id=\"pgc-608-1-1\"  class=\"panel-grid-cell\" ><div id=\"panel-608-1-1-0\" class=\"widget_text so-panel widget widget_custom_html panel-first-child\" data-index=\"2\" ><div class=\"textwidget custom-html-widget\"><style>\n.lightbox {\n\t\/** Default lightbox to hidden *\/\n\tdisplay: none;\n\n\t\/** Position and style *\/\n\tposition: fixed;\n\tz-index: 999;\n\twidth: 100%;\n\theight: 100%;\n\ttext-align: center;\n\ttop: 0;\n\tleft: 0;\n\tbackground: rgba(0,0,0,0.4);\n}\n.lightbox:target {\n\t\/** Remove default browser outline *\/\n\toutline: none;\n\n\t\/** Unhide lightbox **\/\n\tdisplay: block;\n}\n\n\/** videoModal **\/\n#videoModal {\n  border-radius: 0;\n  width: 275px;\n  margin:auto;\n\t}\n  #videoModal .modal-header {\n    background: #000;\n    border: 0;\n    color: #fff;\n    position: relative;\n\t\t  height:35px; }\n    #videoModal .modal-header h3 {\n      font-size: 18px;\n      line-height: 22px;\n\t  font-family:Arial, Helvetica, sans-serif;\n\t  padding:5px;}\n  #videoModal .modal-body {\n    height: 489px;\n    padding: 0;\n    max-height: none;\n    overflow: hidden; }\n  #videoModal .modal-footer:empty {\n    display: none !important; }\n  #videoModal .close {\n    background: transparent;\n    color: #fff;\n    font-size: 24px;\n    margin: 0;\n    opacity: 1;\n    position: absolute;\n    right: 0;\n    text-shadow: none;\n    top: -10px;\n    width: 30px; }\n<\/style>\n\n<a href=\"#halibut_video\"><img decoding=\"async\" src=\"https:\/\/longlinefishing.biz\/en\/wp-content\/uploads\/2024\/10\/halibat-cover-video.jpg\"><\/a>\n<a href=\"#_\" class=\"lightbox\" id=\"halibut_video\">\n<div id=\"videoModal\" class=\"modal hide fade in\" tabindex=\"-1\" role=\"dialog\" aria-labelledby=\"videoModalLabel\" aria-hidden=\"false\" style=\"display: block;\">\n  <div class=\"modal-header\">\n    <button type=\"button\" class=\"close full-height\" data-dismiss=\"modal\" aria-hidden=\"true\">X<\/button>\n  <\/div>\n  <div class=\"modal-body\">\n\t\t<iframe loading=\"lazy\" width=\"100%\" height=\"100%\" src=\"https:\/\/longlinefishing.biz\/en\/wp-content\/uploads\/2023\/09\/short-small.mp4\" frameborder=\"0\" autoplay=\"0\" allowfullscreen=\"\" sandbox=\"\"><\/iframe>\n\t\n\t<\/div>\n  <div class=\"modal-footer\"><\/div>\n<\/div>\n<\/a><\/div><\/div><div id=\"panel-608-1-1-1\" class=\"so-panel widget widget_siteorigin-panels-builder panel-last-child\" data-index=\"3\" ><div id=\"pl-w672eef1573dfb\"  class=\"panel-layout\" ><div id=\"pg-w672eef1573dfb-0\"  class=\"panel-grid panel-no-style\" ><div id=\"pgc-w672eef1573dfb-0-0\"  class=\"panel-grid-cell\" ><div id=\"panel-w672eef1573dfb-0-0-0\" class=\"so-panel widget widget_sow-image panel-first-child panel-last-child\" data-index=\"0\" ><div\n\t\t\t\n\t\t\tclass=\"so-widget-sow-image so-widget-sow-image-default-c67d20f9f743\"\n\t\t\t\n\t\t>\n\n<div class=\"sow-image-container\">\n\t\t\t<a href=\"https:\/\/www.lindgren-pitman.com\/collections\/longline-spools\"\n\t\t\ttarget=\"_blank\" rel=\"noopener noreferrer\" \t\t>\n\t\t\t<img loading=\"lazy\" decoding=\"async\" src=\"https:\/\/longlinefishing.biz\/fr\/wp-content\/uploads\/2024\/11\/lindgren-pitman.jpg\" width=\"800\" height=\"444\" srcset=\"https:\/\/longlinefishing.biz\/fr\/wp-content\/uploads\/2024\/11\/lindgren-pitman.jpg 800w, https:\/\/longlinefishing.biz\/fr\/wp-content\/uploads\/2024\/11\/lindgren-pitman-300x167.jpg 300w, https:\/\/longlinefishing.biz\/fr\/wp-content\/uploads\/2024\/11\/lindgren-pitman-768x426.jpg 768w\" sizes=\"auto, (max-width: 800px) 100vw, 800px\" alt=\"\" \t\tclass=\"so-widget-image\"\/>\n\t<\/a><\/div>\n\n<\/div><\/div><\/div><div id=\"pgc-w672eef1573dfb-0-1\"  class=\"panel-grid-cell\" ><div id=\"panel-w672eef1573dfb-0-1-0\" class=\"so-panel widget widget_sow-image panel-first-child panel-last-child\" data-index=\"1\" ><div\n\t\t\t\n\t\t\tclass=\"so-widget-sow-image so-widget-sow-image-default-c67d20f9f743\"\n\t\t\t\n\t\t>\n\n<div class=\"sow-image-container\">\n\t\t\t<a href=\"https:\/\/longlinefishing.biz\/shop\/en\/98-hydraulic-spools\"\n\t\t\ttarget=\"_blank\" rel=\"noopener noreferrer\" \t\t>\n\t\t\t<img loading=\"lazy\" decoding=\"async\" src=\"https:\/\/longlinefishing.biz\/fr\/wp-content\/uploads\/2024\/11\/LPMiniSuperSpooI.jpg\" width=\"800\" height=\"444\" srcset=\"https:\/\/longlinefishing.biz\/fr\/wp-content\/uploads\/2024\/11\/LPMiniSuperSpooI.jpg 800w, https:\/\/longlinefishing.biz\/fr\/wp-content\/uploads\/2024\/11\/LPMiniSuperSpooI-300x167.jpg 300w, https:\/\/longlinefishing.biz\/fr\/wp-content\/uploads\/2024\/11\/LPMiniSuperSpooI-768x426.jpg 768w\" sizes=\"auto, (max-width: 800px) 100vw, 800px\" alt=\"\" \t\tclass=\"so-widget-image\"\/>\n\t<\/a><\/div>\n\n<\/div><\/div><\/div><\/div><\/div><\/div><\/div><\/div><\/div><\/div>","protected":false},"excerpt":{"rendered":"<p>P\u00caCHE \u00c0 LA PALANGRE AVEC BOBINES HYDRAULIQUES P\u00eache \u00e9conomique et simple du thon, du merlu, de la morue et du fl\u00e9tan Technologie \u00e9prouv\u00e9e Lindgren Pitman Inc en Floride fabrique et distribue des bobines de palangre depuis 40 ans. Notre agence en Norv\u00e8ge compte aujourd&#8217;hui 60 bateaux qui p\u00eachent avec ces bobines. Nous vendons des mini-bobines [&hellip;]<\/p>\n","protected":false},"author":1,"featured_media":0,"parent":0,"menu_order":0,"comment_status":"closed","ping_status":"closed","template":"","meta":{"footnotes":""},"class_list":["post-608","page","type-page","status-publish","hentry","post"],"_links":{"self":[{"href":"https:\/\/longlinefishing.biz\/fr\/wp-json\/wp\/v2\/pages\/608","targetHints":{"allow":["GET"]}}],"collection":[{"href":"https:\/\/longlinefishing.biz\/fr\/wp-json\/wp\/v2\/pages"}],"about":[{"href":"https:\/\/longlinefishing.biz\/fr\/wp-json\/wp\/v2\/types\/page"}],"author":[{"embeddable":true,"href":"https:\/\/longlinefishing.biz\/fr\/wp-json\/wp\/v2\/users\/1"}],"replies":[{"embeddable":true,"href":"https:\/\/longlinefishing.biz\/fr\/wp-json\/wp\/v2\/comments?post=608"}],"version-history":[{"count":10,"href":"https:\/\/longlinefishing.biz\/fr\/wp-json\/wp\/v2\/pages\/608\/revisions"}],"predecessor-version":[{"id":640,"href":"https:\/\/longlinefishing.biz\/fr\/wp-json\/wp\/v2\/pages\/608\/revisions\/640"}],"wp:attachment":[{"href":"https:\/\/longlinefishing.biz\/fr\/wp-json\/wp\/v2\/media?parent=608"}],"curies":[{"name":"wp","href":"https:\/\/api.w.org\/{rel}","templated":true}]}}