{"id":3,"date":"2023-08-30T06:37:19","date_gmt":"2023-08-30T06:37:19","guid":{"rendered":"https:\/\/new.havfiskeri.no\/?page_id=3"},"modified":"2023-12-05T15:40:59","modified_gmt":"2023-12-05T15:40:59","slug":"politique-de-confidentialite","status":"publish","type":"page","link":"https:\/\/longlinefishing.biz\/fr\/politique-de-confidentialite\/","title":{"rendered":"politique de confidentialit\u00e9"},"content":{"rendered":"<div id=\"pl-3\"  class=\"panel-layout\" ><div id=\"pg-3-0\"  class=\"panel-grid panel-no-style\" ><div id=\"pgc-3-0-0\"  class=\"panel-grid-cell\" ><div id=\"panel-3-0-0-0\" class=\"widget_text so-panel widget widget_custom_html panel-first-child panel-last-child\" data-index=\"0\" ><div class=\"textwidget custom-html-widget\"><h4>Confindentialit\u00e9<\/h4>\n<p>Cette politique de protection des donn\u00e9es personnelles r\u00e9git la mani\u00e8re dont Pesca Artesanal \/ P\u00eaches Artisanales recueille, utilise, conserve et divulgue les informations recueillies aupr\u00e8s des utilisateurs (d\u00e9nomm\u00e9s 'Utilisateur') du site web www.artisanalfish.com (d\u00e9nomm\u00e9 le 'Site'). Cette politique de confidentialit\u00e9 s'applique au Site et a tous les produits et services propos\u00e9s par Pesca Artesanal.<\/p>\n\n<h4>Informations personnelles d'identification <\/h4>\n<p>Nous pouvons collecter des informations personnelles d'identification des Utilisateurs de plusieurs mani\u00e8res, y compris, quand les utilisateurs visitent, s\u2019enregistrent, passent une commande, s\u2019inscrivent \u00e0 la Newsletter, r\u00e9pondent \u00e0 une enqu\u00eate ou renseignent un formulaire sur le Site et\/ou en liaison avec d'autres activit\u00e9s, services, caract\u00e9ristiques ou ressources que nous rendons disponible sur notre site. <br \/> <br \/>\nLes Utilisateurs peuvent \u00eatre amen\u00e9s \u00e0 renseigner leurs : <br>\nNom, adresse e-mail, adresse de livraison, num\u00e9ro de t\u00e9l\u00e9phone, informations de carte de cr\u00e9dit. <br>\nCependant, les utilisateurs peuvent naviguer sur notre site de mani\u00e8re anonyme. <br>\nNous ne collecterons les donn\u00e9es personnelles d'identification des utilisateurs que dans le cas ou elles nous auront\n\u00e9t\u00e9 transmises volontairement. <br>\nLes Utilisateurs auront toujours la possibilit\u00e9 de refuser de transmettre leurs informations personnelles d'identification, mais cela pourra alors les emp\u00eacher de s'engager dans des activit\u00e9s li\u00e9es \u00e0 certain sites tiers.<\/p>\n<h4>Informations d'identification non personnelles <\/h4>\n<p>Nous pouvons collecter des informations d'identification non personnelles sur les utilisateurs quand ils se connectent \u00e0 notre site.\tLes informations d'identification non personnelles peuvent inclure :<\/p>\n<h4>Cookies du Navigateur <\/h4>\n<p>Notre site utilise des \u00abcookies \u00bb pour am\u00e9liorer et optimiser l'exp\u00e9rience utilisateur. Le navigateur de l'utilisateur place alors des cookies sur son disque dur dans le but de garder les donn\u00e9es de navigation et parfois pour suivre des informations son sujet. L'utilisateur peut choisir de param\u00e9trer son navigateur afin qu\u2019il refuse les cookies, ou qu'il vous avertisse lorsque descookies sont envoy\u00e9s. Dans ce cas, notez que certaines parties du site peuvent ne pas fonctionner correctement.<\/p><h4>Comment utilisons-nous les informations collect\u00e9es<\/h4>\n<p>Pesca Artesanal peut recueillir et utiliser des informations personnelles sur ses Utilisateurs dans les buts suivants :<\/p><ul><li> Am\u00e9liorer le service \u00e0 la client\u00e8le\n\t\t\t\t\t\t\t\t\t<ul><li>Les informations que vous nous communiquez nous aident \u00e0 r\u00e9pondre aux questions que vous posez \u00e0 notre service client et rendre am\u00e9liorer ainsi l\u2019assistance dont vous avez besoin. <\/li><\/ul><\/li>\n<li>Afin de personnaliser l'exp\u00e9rience utilisateur.\n\t\t\t\t\t\t\t\t\t<ul><li>Nous pouvons utiliser l\u2019ensemble des informations recueillies pour mieux comprendre comment l\u2019ensemble\n\t\t\t\t\t\t\t\t\tde nos Utilisateurs utilisent les services et les ressources fournies via le Site.\n\t\t\t\t\t\t\t\t<\/li><\/ul><\/li><li> Afin d\u2019am\u00e9liorer le Site\n\t\t\t\t\t\t\t\t\t<ul><li>Nous pouvons utiliser les commentaires que vous nous communiquez afin d\u2019am\u00e9liorer nos produits et services.<\/li><\/ul><\/li><li>Pour traiter les r\u00e8glements\n\t\t\t\t\t\t\t\t\t<ul><li>Nous pouvons utiliser les informations fournies par les Utilisateurs lorsqu\u2019ils passent une commande \n\t\t\t\t\t\t\t\t\tuniquement dans le but d\u2019obtenir un service li\u00e9 \u00e0 cette commande. Nous ne communiquons pas ces informations \u00e0 des tiers, sauf si elles sont n\u00e9cessaires \u00e0 l\u2019ex\u00e9cution dudit service.<\/li><\/ul><\/li><li>Lors de la r\u00e9alisation d\u2019une promotion, d\u2019un concours, d\u2019une enqu\u00eate ou toute autre action men\u00e9e par le Site\n\n\t\t\t\t\t\t\t\t\t<ul><li>Afin d\u2019envoyer aux utilisateurs de l'information qu'ils ont accept\u00e9 de recevoir \u00e0 propos de sujets que nous jugeons susceptibles de les int\u00e9resser.<\/li><\/ul><\/li><li>Pour des campagnes d\u2019e-mail p\u00e9riodiques<\/li><li>\n\t\t\t\t\t\t\t\tNous pouvons utiliser l'adresse e-mail des Utilisateurs afin de leur envoyer des informations et des mises \u00e0 \n\t\t\t\t\t\t\t\tjour relatives \u00e0 leur commande. Ces informations peuvent \u00e9galement \u00eatre utilis\u00e9es afin de r\u00e9pondre \u00e0 leurs recherches, questions et\/ou tout autre type de demande. Si les utilisateurs d\u00e9cident de s\u2019inscrire \u00e0 notre liste de diffusion d\u2019e-mails, ils recevront alors des courriels qui peuvent inclure des nouvelles de la soci\u00e9t\u00e9, des mises \u00e0 jour, des informations relatives aux produits ou aux services, etc. Si l\u2019Utilisateur souhaite se d\u00e9sinscrire de la liste de diffusion , nous incluons au bas de chaque e-mail les informations relatives \u00e0 la proc\u00e9dure de d\u00e9sabonnement. L\u2019Utilisateur a \u00e9galement la possibilit\u00e9 de nous contacter directement via notre Site.\n\t\t\t\t\t\t\t\t<\/li><\/ul>\n\t\t\t\t\t\t\t\t<p><\/p><h4>Comment prot\u00e9geons-nous vos donn\u00e9es?<\/h4><p>Nous utilisons des moyens appropri\u00e9s de collecte, stockage et traitement des donn\u00e9es, ainsi que des mesures de s\u00e9curit\u00e9 afin de nous prot\u00e9ger contre tout acc\u00e8s non autoris\u00e9, modification, divulgation ou destruction de vos donn\u00e9es personnelles, nom d'utilisateur, mot de passe, informations li\u00e9es aux commandes ou toutes autres donn\u00e9es stock\u00e9es sur notre site .<br>\n\t\t\t\t\t\t\t\tLes donn\u00e9es sensibles et priv\u00e9es \u00e9chang\u00e9es entre le Site et ses Utilisateurs se d\u00e9roulent via une connexion s\u00e9curis\u00e9e SSL il sont crypt\u00e9es et prot\u00e9g\u00e9es par des signatures num\u00e9riques.\n\t\t\t\t\t\t\t\t<\/p><h4>Transmission de vos donn\u00e9es personnelles<\/h4><p>En aucun cas, nous ne vendons, ni n\u2019\u00e9chageons, ni ne louons les informations personnelles d\u2019identification de nos Utilisateurs \u00e0 des tiers. Nous pouvons partager des donn\u00e9es d\u00e9mographiques g\u00e9n\u00e9riques - Non li\u00e9es \u00e0 aucune forme d\u2019identification personnelle\tdes visiteurs ou des Utilisateurs - avec nos partenaires commerciaux, filiales et annonceurs aux fins d\u00e9crites ci-dessus.<\/p>\n<h4>Modifications apport\u00e9es \u00e0 la politique de confidentialit\u00e9<\/h4><p>Pesca Artesanal se r\u00e9serve le droit de mettre \u00e0 jour \u00e0 tout moment cette politique de confidentialit\u00e9. Lorsque nous le faisons, nous publierons alors une notification sur la page d\u2019accueil de notre site. Nous encourageons nos Utilisateurs \u00e0 consulter r\u00e9guli\u00e8rement cette rubrique afin de rester inform\u00e9 sur tout changement des moyens mis en \u0153uvre pour aider \u00e0 la protection des donn\u00e9es personnelles que nous collectons. Vous reconnaissez et acceptez qu'il est de votre responsabilit\u00e9 de consulter r\u00e9guli\u00e8rement cette politique de confidentialit\u00e9 afin d\u2019\u00eatre tenu inform\u00e9 des modifications \u00e9ventuelles.<\/p>\n<h4>Acceptation de la politique de confidentialit\u00e9 <\/h4>\n<p>L\u2019acc\u00e8s au site requiert l\u2019acception pleine et enti\u00e8re de cette politique de confidentialit\u00e9. Si vous n'acceptez pas cette politique de confidentialit\u00e9, veuillez ne pas utiliser notre Site. Si vous continuez \u00e0 consulter le Site apr\u00e8s l\u2019affichage des modifications de cette politique de confidentialit\u00e9, Vous avez accept\u00e9 ces modifications.<\/p>\n\n<h4>Contacts<\/h4>\n<p>Pour toute question au sujet de notre politique de confidentialit\u00e9, des pratiques du Site ou de vos transactions, merci de nous contacter \u00e0 l\u2019adresse ci-dessous :<br><\/p>\n<address>\n<p><strong>Havfiskeri AS \/ Artisan Fisheries Consultants<\/strong><\/p>\n<p><strong>Norway Office:<\/strong><br>\nUllev\u00e5lsveien 1<br>\n0165 Oslo<br>\nNorway<br>\n<\/p>\n<p>Tel: +47-95137656<br>\nEmail: <a href=\"mailto:commercialfishing@gmail.com\">commercialfishing@gmail.com<\/a><br>\n<a href=\"mailto:fishtrade@gmail.com\">fishtrade@gmail.com<\/a><\/p>\n<\/address>\n<address>\n<p><strong>Portugal office \/ Workshop:<\/strong><br>\nRua Artur Duarte, 7 Lote F<br>\nR\/C Esc. Marvila<br>\n1950-030 Lisboa<br>\nPortugal\n<\/p>\n<p>Email: <a href=\"mailto:commercialfishing@gmail.com\">commercialfishing@gmail.com<\/a><br>\n<a href=\"mailto:fishtrade@gmail.com\">fishtrade@gmail.com<\/a><\/p>\n<\/address>\nLa derni\u00e8re mise \u00e0 jour de ce document a \u00e9t\u00e9 faite en date du 2 Juillet 2018.<p><\/p><p><\/p><\/div><\/div><\/div><\/div><\/div>","protected":false},"excerpt":{"rendered":"<p>Confindentialit\u00e9 Cette politique de protection des donn\u00e9es personnelles r\u00e9git la mani\u00e8re dont Pesca Artesanal \/ P\u00eaches Artisanales recueille, utilise, conserve et divulgue les informations recueillies aupr\u00e8s des utilisateurs (d\u00e9nomm\u00e9s &#8216;Utilisateur&#8217;) du site web www.artisanalfish.com (d\u00e9nomm\u00e9 le &#8216;Site&#8217;). Cette politique de confidentialit\u00e9 s&#8217;applique au Site et a tous les produits et services propos\u00e9s par Pesca Artesanal. [&hellip;]<\/p>\n","protected":false},"author":1,"featured_media":0,"parent":0,"menu_order":0,"comment_status":"closed","ping_status":"open","template":"","meta":{"footnotes":""},"class_list":["post-3","page","type-page","status-publish","hentry","post"],"_links":{"self":[{"href":"https:\/\/longlinefishing.biz\/fr\/wp-json\/wp\/v2\/pages\/3","targetHints":{"allow":["GET"]}}],"collection":[{"href":"https:\/\/longlinefishing.biz\/fr\/wp-json\/wp\/v2\/pages"}],"about":[{"href":"https:\/\/longlinefishing.biz\/fr\/wp-json\/wp\/v2\/types\/page"}],"author":[{"embeddable":true,"href":"https:\/\/longlinefishing.biz\/fr\/wp-json\/wp\/v2\/users\/1"}],"replies":[{"embeddable":true,"href":"https:\/\/longlinefishing.biz\/fr\/wp-json\/wp\/v2\/comments?post=3"}],"version-history":[{"count":4,"href":"https:\/\/longlinefishing.biz\/fr\/wp-json\/wp\/v2\/pages\/3\/revisions"}],"predecessor-version":[{"id":599,"href":"https:\/\/longlinefishing.biz\/fr\/wp-json\/wp\/v2\/pages\/3\/revisions\/599"}],"wp:attachment":[{"href":"https:\/\/longlinefishing.biz\/fr\/wp-json\/wp\/v2\/media?parent=3"}],"curies":[{"name":"wp","href":"https:\/\/api.w.org\/{rel}","templated":true}]}}