{"id":264,"date":"2023-09-20T23:07:26","date_gmt":"2023-09-20T23:07:26","guid":{"rendered":"https:\/\/new.havfiskeri.no\/?page_id=264"},"modified":"2023-11-14T08:35:33","modified_gmt":"2023-11-14T08:35:33","slug":"trucs-et-astuces","status":"publish","type":"page","link":"https:\/\/longlinefishing.biz\/fr\/trucs-et-astuces\/","title":{"rendered":"Trucs et astuces"},"content":{"rendered":"<div id=\"pl-264\"  class=\"panel-layout\" ><div id=\"pg-264-0\"  class=\"panel-grid panel-has-style\" ><div class=\"siteorigin-panels-stretch panel-row-style panel-row-style-for-264-0\" data-stretch-type=\"full\" ><div id=\"pgc-264-0-0\"  class=\"panel-grid-cell\" ><div id=\"panel-264-0-0-0\" class=\"so-panel widget widget_sow-tabs panel-first-child panel-last-child\" data-index=\"0\" ><div\n\t\t\t\n\t\t\tclass=\"so-widget-sow-tabs so-widget-sow-tabs-default-e73dafa3e11a-264\"\n\t\t\t\n\t\t><div class=\"sow-tabs\">\n\t<div class=\"sow-tabs-tab-container\" role=\"tablist\">\n\t\t\t<div\n\t\t\tclass=\"sow-tabs-tab sow-tabs-tab-selected\"\n\t\t\trole=\"tab\"\n\t\t\tdata-anchor-id=\"comment-ouvrir-un-echeveau-de-ligne-mono-sans-tout-ce-qui-semmele\"\n\t\t\taria-selected=\"true\"\n\t\t\ttabindex=\"0\"\n\t\t>\n\t\t\t<div class=\"sow-tabs-title sow-tabs-title-icon-left\">\n\t\t\t\t\t\t\t\tComment ouvrir un \u00e9cheveau de ligne mono sans tout ce qui s'emm\u00eale\t\t\t\t\t\t\t<\/div>\n\t\t<\/div>\n\t\t\t<div\n\t\t\tclass=\"sow-tabs-tab\"\n\t\t\trole=\"tab\"\n\t\t\tdata-anchor-id=\"comment-maintenir-lappat-sur-le-fond-marin\"\n\t\t\taria-selected=\"false\"\n\t\t\ttabindex=\"0\"\n\t\t>\n\t\t\t<div class=\"sow-tabs-title sow-tabs-title-icon-left\">\n\t\t\t\t\t\t\t\tComment maintenir l\u2019app\u00e2t sur le fond marin\t\t\t\t\t\t\t<\/div>\n\t\t<\/div>\n\t\t\t<div\n\t\t\tclass=\"sow-tabs-tab\"\n\t\t\trole=\"tab\"\n\t\t\tdata-anchor-id=\"simplifier-le-choix-des-hamecons\"\n\t\t\taria-selected=\"false\"\n\t\t\ttabindex=\"0\"\n\t\t>\n\t\t\t<div class=\"sow-tabs-title sow-tabs-title-icon-left\">\n\t\t\t\t\t\t\t\tSimplifier le choix des hame\u00e7ons\t\t\t\t\t\t\t<\/div>\n\t\t<\/div>\n\t\t\t<div\n\t\t\tclass=\"sow-tabs-tab\"\n\t\t\trole=\"tab\"\n\t\t\tdata-anchor-id=\"paniers-a-palangre-et-coffres-a-bas-de-ligne-comment-les-fabriquer-soi-meme\"\n\t\t\taria-selected=\"false\"\n\t\t\ttabindex=\"0\"\n\t\t>\n\t\t\t<div class=\"sow-tabs-title sow-tabs-title-icon-left\">\n\t\t\t\t\t\t\t\tPaniers \u00e0 palangre et coffres \u00e0 bas de ligne: comment les fabriquer soi-m\u00eame\t\t\t\t\t\t\t<\/div>\n\t\t<\/div>\n\t\t\t<div\n\t\t\tclass=\"sow-tabs-tab\"\n\t\t\trole=\"tab\"\n\t\t\tdata-anchor-id=\"lappat-frais-ou-artificiel\"\n\t\t\taria-selected=\"false\"\n\t\t\ttabindex=\"0\"\n\t\t>\n\t\t\t<div class=\"sow-tabs-title sow-tabs-title-icon-left\">\n\t\t\t\t\t\t\t\tL\u2019app\u00e2t : frais ou artificiel?\t\t\t\t\t\t\t<\/div>\n\t\t<\/div>\n\t\t\t<div\n\t\t\tclass=\"sow-tabs-tab\"\n\t\t\trole=\"tab\"\n\t\t\tdata-anchor-id=\"est-ce-que-les-lumieres-et-les-perles-fluorescentes-fonctionnent\"\n\t\t\taria-selected=\"false\"\n\t\t\ttabindex=\"0\"\n\t\t>\n\t\t\t<div class=\"sow-tabs-title sow-tabs-title-icon-left\">\n\t\t\t\t\t\t\t\tEst-ce que les lumi\u00e8res et les perles fluorescentes fonctionnent?\t\t\t\t\t\t\t<\/div>\n\t\t<\/div>\n\t\t<\/div>\n\n\t<div class=\"sow-tabs-panel-container\">\n\t\t\t<div class=\"sow-tabs-panel\">\n\t\t\t<div\n\t\t\t\tclass=\"sow-tabs-panel-content\"\n\t\t\t\trole=\"tabpanel\"\n\t\t\t\taria-hidden=\"false\"\n\t\t\t>\n\t\t\t\t<h2>Comment d\u00e9faire un \u00e9cheveau de monofilament en \u00e9vitant les enchev\u00eatrements<\/h2>\nLe monofilament pour <a href=\"http:\/\/www.longlinefishing.biz\/shop\/fr\/13-monofilament-avec-emerillons\">palangres<\/a> est livr\u00e9 en \u00e9cheveaux (ou \u00e9chevettes) et non en bobines. Lorsqu\u2019on le d\u00e9roule, le monofilament forme une spirale. Il faut donc d\u00e9faire l\u2019\u00e9cheveau en veillant \u00e0 \u00e9viter de faire un nid d\u2019oiseau. Ceci est valable pour les \u00e9cheveaux de monofilament destin\u00e9s aux avan\u00e7ons et pour les palangres munies d\u2019\u00e9merillons.\n<h3>Avan\u00e7ons<\/h3>\nLes adeptes de la p\u00eache commerciale utilisent principalement une longueur de 130 cm pour p\u00eacher des esp\u00e8ces (<a href=\"http:\/\/www.longlinefishing.biz\/shop\/fr\/13-monofilament-avec-emerillons\">merlu<\/a>, <a href=\"http:\/\/www.longlinefishing.biz\/shop\/fr\/13-monofilament-avec-emerillons\">bar<\/a>, <a href=\"http:\/\/www.longlinefishing.biz\/shop\/fr\/13-monofilament-avec-emerillons\">truite<\/a>, <a href=\"http:\/\/www.longlinefishing.biz\/shop\/fr\/13-monofilament-avec-emerillons\">fl\u00e9tan<\/a>,\n<a href=\"http:\/\/www.longlinefishing.biz\/shop\/fr\/13-monofilament-avec-emerillons\">dorade coryph\u00e8ne<\/a>, <a href=\"http:\/\/www.longlinefishing.biz\/shop\/fr\/13-monofilament-avec-emerillons\">courbine<\/a>, <a href=\"http:\/\/www.longlinefishing.biz\/shop\/fr\/13-monofilament-avec-emerillons\">lieu jaune<\/a>, <a href=\"http:\/\/www.longlinefishing.biz\/shop\/fr\/13-monofilament-avec-emerillons\">maquereau<\/a>, <a href=\"http:\/\/www.longlinefishing.biz\/shop\/fr\/13-monofilament-avec-emerillons\">congre<\/a>) qui vivent en pleine eau ou 5-10 m\u00e8tres au-dessus du fond marin. La longueur de 130 cm est obtenue en coupant une seule fois l\u2019\u00e9cheveau entier. La longueur de 65 cm est utilis\u00e9e dans les <a href=\"http:\/\/www.longlinefishing.biz\/fr\/bottom.php\">palangres de fond<\/a> tels que le cabillaud, la daurade, le m\u00e9rou et le pageot. On obtient la longueur de 65 cm en coupant deux fois l\u2019\u00e9cheveau.\n\nPour les autres longueurs destin\u00e9es \u00e0 des poissons tels utiliser dans <a href=\"http:\/\/www.longlinefishing.biz\/fr\/mid.php\">tels utilis\u00e9s avec les palangres p\u00e9lagiques\u00a0<\/a>(normalement de 8 \u00e0 12 m\u00e8tres de long) ou pour d\u2019autres longueurs \u00e9tablies sur mesure, il faut d\u00e9faire les \u00e9cheveaux et mesurer chaque avan\u00e7on. A cet effet, on installera deux serre-joints s\u00e9par\u00e9s par exemple d\u2019un m\u00e8tre sur une table puis on retirera le <a href=\"http:\/\/www.longlinefishing.biz\/shop\/fr\/13-monofilament-avec-emerillons\">monofilament\u00a0<\/a>de l\u2019\u00e9cheveau et on l\u2019enroulera autour des serre-joints. Lorsqu\u2019on aura termin\u00e9, on le coupera une seule fois de sorte \u00e0 obtenir un avan\u00e7on de 2 m\u00e8tres.\n<h3>D\u00e9faire un \u00e9cheveau de palangre<\/h3>\nL\u2019\u00e9cheveau de palangre aboutira plus que probablement dans un panier \"<a href=\"http:\/\/www.longlinefishing.biz\/fr\/basket.php\">voir comment fabriquer un panier \u00e0 palangre<\/a>\", avec les avan\u00e7ons nou\u00e9s \u00e0 l\u2019\u00e9merillon et l\u2019 <a href=\"http:\/\/www.longlinefishing.biz\/shop\/fr\/17-hamecons\">hame\u00e7on\u00a0<\/a>accroch\u00e9 au bord du panier.\n\n<img decoding=\"async\" style=\"float: right;margin-left: 10px\" src=\"\/en\/wp-content\/uploads\/2023\/11\/open-hank.png\" alt=\"open hank\" \/>\n<h3 style=\"line-height: 30px\">La meilleure fa\u00e7on d'ouvrir un \u00e9cheveau de monofilament est d'utiliser une chaise normale avec dossier.<\/h3>\n<ol type=\"1\">\n \t<li>Coupez les fils autour de l\u2019\u00e9cheveau que le hank est couch\u00e9 sur une table.<\/li>\n \t<li>Trouver le d\u00e9but de la ligne.<\/li>\n \t<li>Avec les deux mains, placez l\u2019\u00e9cheveau sur le dos de la chaise.<\/li>\n \t<li>Commencer \u00e0 prendre la ligne, en \u00e9vitant les boucles pour obtenir sur le dessus.<\/li>\n<\/ol>\nSi la fin de la ligne est sortie, alors lib\u00e9rez-la et attachez-la \u00e0 un pied de la chaise.\t\t\t<\/div>\n\t\t<\/div>\n\t\t\t<div class=\"sow-tabs-panel\">\n\t\t\t<div\n\t\t\t\tclass=\"sow-tabs-panel-content\"\n\t\t\t\trole=\"tabpanel\"\n\t\t\t\taria-hidden=\"true\"\n\t\t\t>\n\t\t\t\t<h2>Comment maintenir l\u2019app\u00e2t sur le fond marin<\/h2>\n<img decoding=\"async\" class=\"alignright\" style=\"float: right;margin-left: 20px;width: 300px\" src=\"\/en\/wp-content\/uploads\/2023\/11\/hank1.jpg\" alt=\"hank\" \/>\n\nUn <a href=\"http:\/\/www.longlinefishing.biz\/shop\/fr\/17-hamecons\">hame\u00e7on\u00a0<\/a>app\u00e2t\u00e9 doit \u00eatre plac\u00e9 \u00e0 l\u2019endroit o\u00f9 le poisson cibl\u00e9 nage, c\u2019est-\u00e0-dire, dans le fond, en pleine eau ou \u00e0 la surface. On PEUT placer des hame\u00e7ons app\u00e2t\u00e9s dans le fond, mais uniquement pour les poissons qui fr\u00e9quentent les fonds comme la morue et la plie. Il est tr\u00e8s probable que les crabes mangent les app\u00e2ts avant que le poisson cibl\u00e9 ne s\u2019y approche. Dans les fonds marins \u00e9lev\u00e9s, rocheux, etc., on peut placer la ligne sur les \u00e9l\u00e9vations en veillant \u00e0 disposer la plupart des <a href=\"http:\/\/www.longlinefishing.biz\/shop\/fr\/17-hamecons\">hame\u00e7ons\u00a0<\/a>sur le fond marin.\nLes <a href=\"http:\/\/www.longlinefishing.biz\/shop\/fr\/20-appats-artificiels\">leurres artificiels\u00a0<\/a>doivent \u00eatre plac\u00e9s en eau libre car ils ne sont pas efficaces dans le fond. Sur les fonds plats, il faut utiliser des \u00abr\u00e9gulateurs de profondeurs\u00bb ou des \u00abpierres\/flotteurs\u00bb qui se constituent de quatre \u00e9l\u00e9ments : - une <a href=\"http:\/\/www.longlinefishing.biz\/shop\/fr\/20-appats-artificiels\">bille de plomb<\/a> munie d\u2019un orifice ou un tube en plomb pour senne que l\u2019on trouvera chez les p\u00eacheurs commerciaux qui pratiquent la p\u00eache \u00e0 la senne. Les tubes en plomb (pes\u00e9es) peuvent atteindre 500 grammes (plus d\u2019une livre) chacun, ce qui sera suffisant. En g\u00e9n\u00e9ral, 250 grammes feront l\u2019affaire. <a href=\"http:\/\/www.longlinefishing.biz\/shop\/fr\/20-appats-artificiels\">Un fil de poly\u00e9thyl\u00e8ne<\/a> tress\u00e9 de 3 mm qui flotte a un aspect r\u00e9sistant. Le fil peut avoir une longueur de 2 \u00e0 10 m\u00e8tres selon l\u2019esp\u00e8ce cibl\u00e9e. - <a href=\"http:\/\/www.longlinefishing.biz\/shop\/fr\/22-flotteurs\">Un flotteur<\/a> qui s\u2019adapte au poids du plomb : un grand anneau en PVC qui est utilis\u00e9 pour les filets maillants ou un flotteur en mousse pour les petites sennes. Les p\u00eacheurs ont toujours ces produits en stock, qui sont bon march\u00e9 ; les pi\u00e8ces d\u2019occasion font \u00e9galement l\u2019affaire. - <a href=\"http:\/\/www.longlinefishing.biz\/shop\/fr\/18-rotors-agrafes\">Une agrafe<\/a> de 80 mm fix\u00e9e sous le flotteur. L\u2019agrafe est accroch\u00e9e \u00e0 la ligne lorsque celle-ci est lanc\u00e9e.\n\nMettre les r\u00e9gulateurs enroul\u00e9s dans un seau s\u00e9par\u00e9 et les utiliser tous les 50-75 m\u00e8tres afin de maintenir les hame\u00e7ons sur le fond marin. Lorsqu\u2019on remonte la ligne, les r\u00e9gulateurs se s\u00e9parent de la ligne et sont \u00e0 nouveau enroul\u00e9s dans leur seau. Il va de soi que nous puissions vous vendre ces r\u00e9gulateurs lors de votre commande.\t\t\t<\/div>\n\t\t<\/div>\n\t\t\t<div class=\"sow-tabs-panel\">\n\t\t\t<div\n\t\t\t\tclass=\"sow-tabs-panel-content\"\n\t\t\t\trole=\"tabpanel\"\n\t\t\t\taria-hidden=\"true\"\n\t\t\t>\n\t\t\t\t<h2>Simplifier le choix des hame\u00e7ons<\/h2>\nLes p\u00eacheurs commerciaux ont une approche beaucoup plus sereine des <a href=\"http:\/\/www.longlinefishing.biz\/shop\/fr\/17-hamecons\">hame\u00e7ons<\/a> que les p\u00eacheurs sportifs. Ils font des choix simples qui satisferont leurs besoins\n\n<img decoding=\"async\" class=\"derecha alignright\" src=\"\/en\/wp-content\/uploads\/2023\/11\/choice1.jpg\" alt=\"choie\" \/>\n<ol>\n \t<li style=\"list-style-type: none\">\n<ol>\n \t<li>Anneau, \u0153illet ou palette Les hame\u00e7ons munis d\u2019un anneau sont r\u00e9serv\u00e9s actuellement aux grands p\u00e9lagiques. Lorsque vous montez l\u2019hame\u00e7on sur le <a href=\"http:\/\/www.longlinefishing.biz\/shop\/fr\/12-palangre-ligne-mere\">monofilament<\/a>, les hame\u00e7ons munis d\u2019un anneau se d\u00e9placeront mieux sur l\u2019eau et attireront plus de poissons. Les hame\u00e7ons \u00e0 palette se montent plus rapidement et sont moins chers que les hame\u00e7ons \u00e0 \u0153illet. Notre personnel peut monter jusqu\u2019\u00e0 200 hame\u00e7ons par heure. Si vous pr\u00e9f\u00e9rez monter les avan\u00e7ons avec des manchons, les hame\u00e7ons \u00e0 palette ne feront pas l\u2019affaire car les manchons se montent sur les \u0153illets. Les hame\u00e7ons mont\u00e9s sur des manchons donnent des avan\u00e7ons de 30 \u00e0 35 % plus r\u00e9sistants qu\u2019avec un n\u0153ud car ce dernier r\u00e9duit de 40 \u00e0 45 % la r\u00e9sistance \u00e0 la rupture du <a href=\"http:\/\/www.longlinefishing.biz\/shop\/fr\/12-palangre-ligne-mere\">monofilament<\/a>.<\/li>\n \t<li>Mat\u00e9riaux Les p\u00eacheurs commerciaux n\u2019utilisent pas des hame\u00e7ons co\u00fbteux. Nombreux sont ceux qui remplacement tous les jours leur hame\u00e7on et ne les utilisent qu\u2019une seule fois. Les hame\u00e7ons commerciaux co\u00fbtent le tiers d\u2019un hame\u00e7on de qualit\u00e9, mais ils p\u00eachent autant que ces derniers lors des 3 \u00e0 5 premi\u00e8res immersions. Apr\u00e8s cela, un hame\u00e7on commercial se corrodera 3 \u00e0 4 fois plus vite qu\u2019un hame\u00e7on de qualit\u00e9. Les hame\u00e7ons en acier au carbone sont disponibles en deux versions \u2013 trempage simple (bon march\u00e9) ou double (tels que le Mustad) \u2013 et sont plus r\u00e9sistants que l\u2019acier inoxydable. Les petits hame\u00e7ons fins en acier inoxydables sont trop faibles.<\/li>\n \t<li>Prestation Un hame\u00e7on commercial bon march\u00e9 et un hame\u00e7on 3 \u00e0 4 fois plus cher ont les m\u00eames prestations de p\u00e9n\u00e9tration de l\u2019ardillon lors des 3 \u00e0 5 premi\u00e8res op\u00e9rations de p\u00eache. Le fait est que les hame\u00e7ons co\u00fbteux \u00e9galement perdent leur tranchant bien avant de commencer \u00e0 se corroder. Les hame\u00e7ons co\u00fbteux ne sont pas rentables pour la palangre commerciale. Les principaux fabricants de tous les types d\u2019hame\u00e7ons ont d\u00e9velopp\u00e9 une flexibilit\u00e9 ad\u00e9quate de sorte que la force et la flexibilit\u00e9 ne sont pas des facteurs importants dans le choix des hame\u00e7ons.<\/li>\n<\/ol>\n<\/li>\n<\/ol>\n<img decoding=\"async\" class=\"izquierda alignleft\" src=\"\/en\/wp-content\/uploads\/2023\/11\/choice2.jpg\" alt=\"choice\" \/>\n<ol>\n \t<li>Style\nTous les types d\u2019hame\u00e7ons sont efficaces aussi longtemps qu\u2019ils sont accroch\u00e9s \u00e0 la bouche des poissons. La question principale est de choisir entre un hame\u00e7on droit (type Round Bent Sea) et un hame\u00e7on courbe (Kirby, bec de perroquet). Un hame\u00e7on droit descendra jusqu\u2019au ventre du poisson, tandis qu\u2019un hame\u00e7on courbe se plantera sur le c\u00f4t\u00e9 de la bouche. On utilisera donc les hame\u00e7ons droits pour les poissons aux bouches faibles \u00e9tant donn\u00e9 que les hame\u00e7ons courbes seront plus facilement arrach\u00e9s de la bouche. Dans la p\u00eache \u00e0 la palangre, un poisson peut rester en vie sur l\u2019hame\u00e7on pendant toute l\u2019op\u00e9ration de p\u00eache, contrairement \u00e0 la p\u00eache \u00e0 la ligne o\u00f9 le poisson est hiss\u00e9 \u00e0 bord en quelques minutes.<\/li>\n<\/ol>\t\t\t<\/div>\n\t\t<\/div>\n\t\t\t<div class=\"sow-tabs-panel\">\n\t\t\t<div\n\t\t\t\tclass=\"sow-tabs-panel-content\"\n\t\t\t\trole=\"tabpanel\"\n\t\t\t\taria-hidden=\"true\"\n\t\t\t>\n\t\t\t\t<div id=\"basket\" class=\"tabcontent\">\n<h2>Paniers \u00e0 palangre et coffres \u00e0 bas de ligne: comment les fabriquer soi-m\u00eame<\/h2>\nUn panier \u00e0 palangre est un r\u00e9cipient rond muni d\u2019un bord o\u00f9 sont plant\u00e9s les hame\u00e7ons que l'on utilise lorsque les avan\u00e7ons sont directement attach\u00e9s aux \u00e9merillons. Lorsqu\u2019on utilise des avan\u00e7ons agraf\u00e9s (avec une agrafe pour attacher l\u2019avan\u00e7on sur une ligne nue), on range les avan\u00e7ons dans un coffre \u00e0 bas de ligne et on conserve la ligne principale dans un r\u00e9cipient sans bord en caoutchouc.\n<h2>Paniers \u00e0 palangre<\/h2>\n<img decoding=\"async\" class=\"izquierda alignleft\" src=\"\/en-new\/wp-content\/uploads\/2023\/11\/basket1.jpg\" alt=\"basket\" \/>\n\n<a href=\"http:\/\/www.longlinefishing.biz\/shop\/fr\/23-outils-et-accessoires\">Les paniers \u00e0 palangres<\/a> sont volumineux et tr\u00e8s chers \u00e0 transporter, mais peuvent \u00eatre fabriqu\u00e9s l\u00e0 o\u00f9 vous vous trouvez. Le panier standard est un r\u00e9cipient en PVC r\u00e9sistant de 60 cm de diam\u00e8tre et 25 cm de haut. Il peut contenir jusqu\u2019\u00e0 1 000 m\u00e8tres de ligne de 1,4 mm et 200 <a href=\"http:\/\/www.longlinefishing.biz\/shop\/fr\/17-hamecons\">hame\u00e7ons<\/a>. Nous vendons ces paniers aussi bien pour les <a href=\"http:\/\/www.longlinefishing.biz\/shop\/fr\/20-appats-artificiels\">app\u00e2ts artificiels<\/a> que pour les app\u00e2ts frais. Les <a href=\"http:\/\/www.longlinefishing.biz\/shop\/fr\/17-hamecons\">hame\u00e7ons<\/a> garnis d\u2019un app\u00e2t artificiel sont attach\u00e9s sur un bord en mousse dur et le panier peut contenir 200 hame\u00e7ons. Lorsque vous utilisez un app\u00e2t frais, nous pr\u00e9f\u00e9rons vendre un bord muni de fentes pour que les hame\u00e7ons app\u00e2t\u00e9s pendent \u00e0 l\u2019ext\u00e9rieur du panier. Ce type de panier peut contenir 150 hame\u00e7ons dans les fentes.\n\n<img decoding=\"async\" class=\"derecha alignright\" style=\"height: 250px\" src=\"\/en\/wp-content\/uploads\/2023\/11\/basket2.jpg\" alt=\"basket\" \/>\n\nLes meilleurs r\u00e9cipients que vous pouvez utiliser pour fabriquer ces paniers vous-m\u00eame sont les pots que l'on utilise dans les serres pour faire pousser les arbres et les plantes de grandes dimensions. D\u2019une capacit\u00e9 de 50 \u00e0 1 000 litres, ils sont fabriqu\u00e9s dans un PVC\/PP tr\u00e8s r\u00e9sistant et comptent des orifices de drainage dans le fond et deux anses sur les c\u00f4t\u00e9s. On montera sur ce r\u00e9cipient une barre en mousse dure coup\u00e9e en deux (Semblable aux frites que les enfants utilisent \u00e0 la piscine), on percera des trous sur le c\u00f4t\u00e9 du r\u00e9cipient et on attachera la barre en mousse avec des sangles. Si vous comptez utiliser des app\u00e2ts frais, vous collerez une bande de caoutchouc de 0,3 \u00e0 0,5 mm d\u2019\u00e9paisseur avec de la colle instantan\u00e9e sur le bord apr\u00e8s avoir ponc\u00e9 le PVC et le caoutchouc afin d\u2019assurer une meilleure prise de la colle. On montera des vis tous les 10-15 cm (en pla\u00e7ant la t\u00eate plate \u00e0 l\u2019int\u00e9rieur afin d\u2019\u00e9viter l\u2019accrochage du monofilament). Pour terminer, on utilisera un couteau tranchant pour faire des fentes de 15 mm dans le caoutchouc \u00e0 un intervalle de 15 mm.\n<div class=\"limpiar\"><\/div>\n<h2>Coffres \u00e0 bas de ligne<\/h2>\n<img decoding=\"async\" class=\"derecha alignright\" style=\"width: 300px\" src=\"\/fr\/wp-content\/uploads\/2023\/11\/basket3.jpg\" alt=\"basket\" \/>\n\nUn coffre \u00e0 bas de ligne est une bo\u00eete carr\u00e9e, du type de rangement de bricolage avec couvercle, munie d\u2019une tige filet\u00e9e galvanis\u00e9e de 5-6 mm de diam\u00e8tre sur le bord sup\u00e9rieur de chaque c\u00f4t\u00e9 du coffre. Chaque extr\u00e9mit\u00e9 de la tige filet\u00e9e est ferm\u00e9e par un \u00e9crou en <a href=\"http:\/\/www.longlinefishing.biz\/shop\/fr\/15-lignes-ficelles\">acier inoxydable\u00a0<\/a>(t\u00eate ronde) \u00e0 l\u2019ext\u00e9rieur et par un \u00e9crou normal \u00e0 l\u2019int\u00e9rieur.\n\nLes avan\u00e7ons, qui peuvent avoir une longueur de 50 cm \u00e0 15 m\u00e8tres,\nsont mont\u00e9s de la fa\u00e7on suivante :\n<ol>\n \t<li>L\u2019<a href=\"http:\/\/www.longlinefishing.biz\/shop\/fr\/18-rotors-agrafes\">agrafe\u00a0<\/a>est attach\u00e9e sur la tige filet\u00e9e.<\/li>\n \t<li>Le monofilament est introduit dans le coffre.<\/li>\n \t<li>L\u2019hame\u00e7on est plac\u00e9 dans sa propre agrafe.<\/li>\n<\/ol>\nLorsque vous lancez la ligne, vous l\u00e2chez un bas de ligne complet (le dernier que vous avez mont\u00e9), vous plongez l\u2019hame\u00e7on dans la mer et vous attachez l\u2019agrafe \u00e0 la ligne principale. Lorsque vous remontez la ligne, chaque avan\u00e7on agraf\u00e9 reprend sa place dans le coffre.\n\n<\/div>\t\t\t<\/div>\n\t\t<\/div>\n\t\t\t<div class=\"sow-tabs-panel\">\n\t\t\t<div\n\t\t\t\tclass=\"sow-tabs-panel-content\"\n\t\t\t\trole=\"tabpanel\"\n\t\t\t\taria-hidden=\"true\"\n\t\t\t>\n\t\t\t\t<h2>L\u2019app\u00e2t : frais ou artificiel?<\/h2>\n<p><img decoding=\"async\" class=\"izquierda alignleft\" src=\"\/en\/wp-content\/uploads\/2023\/11\/bait1.jpg\" alt=\"bait\" \/><\/p>\n<p>Les <a href=\"http:\/\/www.longlinefishing.biz\/shop\/fr\/20-appats-artificiels\">app\u00e2ts artificiels<\/a> fonctionnent, mais sont moins efficaces que les app\u00e2ts frais. Par ailleurs, vous pouvez utiliser beaucoup plus d\u2019hame\u00e7ons avec les app\u00e2ts artificiels qu\u2019avec les app\u00e2ts frais ; le montage de ces derniers prend plus de temps et ils sont chers. \".imagen(\"bait2.jpg\",true,\"derecha\").\" Les app\u00e2ts artificiels doivent \u00eatre libres dans la masse d\u2019eau et non sur le fond marin. Un bon exemple est la ligne utilis\u00e9e pour p\u00eacher le Bar qui est mouill\u00e9 en face du ressac, en pleine eau, o\u00f9 l\u2019app\u00e2t \u00ab danse \u00bb dans le courant et attire le bar lorsqu\u2019il chasse. L\u2019attraction que ressentent les poissons pour les app\u00e2ts artificiels est due essentiellement \u00e0 d\u2019autres raisons que l\u2019app\u00e2t proprement dit. De petits animaux comme des crabes et des crevettes sont attir\u00e9s par les leurres artificiels et provoquent de l\u2019activit\u00e9 autour de ces app\u00e2ts auxquels le poisson ne peut pas r\u00e9sister. Lorsqu\u2019il attaque, il finit par manger l\u2019app\u00e2t artificiel lorsque les animaux vivants s\u2019\u00e9chappent.<\/p>\n<ol>\n<li>L\u2019<a href=\"http:\/\/www.longlinefishing.biz\/shop\/fr\/17-hamecons\">hame\u00e7on du leurre poulpe\u00a0<\/a>se trouve \u00e0 l\u2019int\u00e9rieur du corps en plastique. On monte d\u2019abord l\u2019hame\u00e7on, puis la jupe est filet\u00e9e dans l\u2019hame\u00e7on en per\u00e7ant un petit trou dans la t\u00eate de la jupe. L\u2019avan\u00e7on est ensuite nou\u00e9 \u00e0 l\u2019\u00e9merillon sur la ligne principale.<\/li>\n<li>L\u2019<a href=\"http:\/\/www.longlinefishing.biz\/shop\/fr\/17-hamecons\">hame\u00e7on<\/a> du leurre crabe est introduit \u00e0 travers le corps avant que <a href=\"http:\/\/www.longlinefishing.biz\/shop\/fr\/12-palangre-ligne-mere\">la palangre monofilament<\/a> ne soit nou\u00e9e \u00e0 l\u2019autre extr\u00e9mit\u00e9 \u00e0 l\u2019\u00e9merillon de la ligne principale.<\/li>\n<\/ol>\n<p><img decoding=\"async\" class=\"well aligncenter\" style=\"max-width: 100%;margin: 20px auto\" src=\"\/en\/wp-content\/uploads\/2023\/11\/bait3.jpg\" alt=\"bait\" \/><\/p>\n\t\t\t<\/div>\n\t\t<\/div>\n\t\t\t<div class=\"sow-tabs-panel\">\n\t\t\t<div\n\t\t\t\tclass=\"sow-tabs-panel-content\"\n\t\t\t\trole=\"tabpanel\"\n\t\t\t\taria-hidden=\"true\"\n\t\t\t>\n\t\t\t\t<h2>Est-ce que les lumi\u00e8res et les perles fluorescentes fonctionnent?<\/h2>\nCertaines esp\u00e8ces de poisson sont attir\u00e9es par la lumi\u00e8re tandis que d\u2019autres la craignent. Il existe une r\u00e8gle g\u00e9n\u00e9rale selon laquelle les\npoissons qui ont peu de pr\u00e9dateurs sont plus curieux que les poissons craintifs. Ce n\u2019est cependant pas toujours le cas car le degr\u00e9 de curiosit\u00e9\npeut varier selon le lieu et la saison. Il n\u2019y pas de r\u00e9ponse d\u00e9finitive \u00e0 cette question et l\u2019utilisation des <a href=\"http:\/\/www.longlinefishing.biz\/shop\/fr\/21-balises-lumineuses\">balises lumineuses<\/a> doit \u00eatre test\u00e9e \u00e0 l\u2019endroit o\u00f9 vous p\u00eachez.\n<ol>\n \t<li>Les p\u00eacheries commerciales utilisent la lumi\u00e8re (b\u00e2tonnets lumineux et lampes \u00e9lectriques) pour p\u00eacher les grands p\u00e9lagiques et am\u00e9liorent ainsi leurs captures. Des organismes de recherches \u00e9tablis dans cinq pays en Europe (Norv\u00e8ge, Su\u00e8de, Allemagne, Danemark et Royaume-Uni) ont achet\u00e9 nos <a href=\"http:\/\/www.longlinefishing.biz\/shop\/fr\/21-balises-lumineuses\">lampes \u00e9lectriques<\/a> pour faire des exp\u00e9riences qui se sont sold\u00e9es par la hausse de certaines prises.<\/li>\n \t<li>Perles: Une perle est une petite bille fluorescente d\u2019environ 9 x 18 mm plac\u00e9e sur un app\u00e2t artificiel. Elle augmente l\u2019activit\u00e9 des petits crabes et crevettes autour de l\u2019app\u00e2t, ce qui attire \u00e0 son tour l\u2019attention des poissons cibl\u00e9s. La lumi\u00e8re en soi peut \u00eatre attrayante pour le bar et la truite de mer. Le pageot et le vivaneau sont int\u00e9ress\u00e9s par l\u2019activit\u00e9 autour de la lumi\u00e8re lorsqu\u2019ils se trouvent en s\u00e9curit\u00e9.<\/li>\n<\/ol>\t\t\t<\/div>\n\t\t<\/div>\n\t\t<\/div>\n<\/div>\n<\/div><\/div><\/div><\/div><\/div><\/div>","protected":false},"excerpt":{"rendered":"<p>Comment ouvrir un \u00e9cheveau de ligne mono sans tout ce qui s&#8217;emm\u00eale Comment maintenir l\u2019app\u00e2t sur le fond marin Simplifier le choix des hame\u00e7ons Paniers \u00e0 palangre et coffres \u00e0 bas de ligne: comment les fabriquer soi-m\u00eame L\u2019app\u00e2t : frais ou artificiel? Est-ce que les lumi\u00e8res et les perles fluorescentes fonctionnent? Comment d\u00e9faire un \u00e9cheveau [&hellip;]<\/p>\n","protected":false},"author":1,"featured_media":0,"parent":0,"menu_order":0,"comment_status":"closed","ping_status":"closed","template":"","meta":{"footnotes":""},"class_list":["post-264","page","type-page","status-publish","hentry","post"],"_links":{"self":[{"href":"https:\/\/longlinefishing.biz\/fr\/wp-json\/wp\/v2\/pages\/264","targetHints":{"allow":["GET"]}}],"collection":[{"href":"https:\/\/longlinefishing.biz\/fr\/wp-json\/wp\/v2\/pages"}],"about":[{"href":"https:\/\/longlinefishing.biz\/fr\/wp-json\/wp\/v2\/types\/page"}],"author":[{"embeddable":true,"href":"https:\/\/longlinefishing.biz\/fr\/wp-json\/wp\/v2\/users\/1"}],"replies":[{"embeddable":true,"href":"https:\/\/longlinefishing.biz\/fr\/wp-json\/wp\/v2\/comments?post=264"}],"version-history":[{"count":13,"href":"https:\/\/longlinefishing.biz\/fr\/wp-json\/wp\/v2\/pages\/264\/revisions"}],"predecessor-version":[{"id":588,"href":"https:\/\/longlinefishing.biz\/fr\/wp-json\/wp\/v2\/pages\/264\/revisions\/588"}],"wp:attachment":[{"href":"https:\/\/longlinefishing.biz\/fr\/wp-json\/wp\/v2\/media?parent=264"}],"curies":[{"name":"wp","href":"https:\/\/api.w.org\/{rel}","templated":true}]}}