{"id":16,"date":"2023-08-30T08:28:19","date_gmt":"2023-08-30T08:28:19","guid":{"rendered":"https:\/\/new.havfiskeri.no\/?page_id=16"},"modified":"2023-11-06T05:57:08","modified_gmt":"2023-11-06T05:57:08","slug":"a-propos-de-nous","status":"publish","type":"page","link":"https:\/\/longlinefishing.biz\/fr\/a-propos-de-nous\/","title":{"rendered":"\u00c0 propos de nous"},"content":{"rendered":"<div id=\"pl-16\"  class=\"panel-layout\" ><div id=\"pg-16-0\"  class=\"panel-grid panel-has-style\" ><div class=\"panel-row-style panel-row-style-for-16-0\" ><div id=\"pgc-16-0-0\"  class=\"panel-grid-cell\" ><div id=\"panel-16-0-0-0\" class=\"so-panel widget widget_text panel-first-child panel-last-child\" data-index=\"0\" >\t\t\t<div class=\"textwidget\"><p>Artisan Fisheries Consultants a commenc\u00e9 ses activit\u00e9s commerciales \u00e0 El Puerto de Santa Mar\u00eda, en Andalousie (Espagne), port d\u2019o\u00f9 sont parties les exp\u00e9ditions de Christophe Colomb. La premi\u00e8re publicit\u00e9 Google Adwords a \u00e9t\u00e9 lanc\u00e9e sur la Toile en d\u00e9cembre 2005. Depuis notre site a re\u00e7u\u2026.., notre site a re\u00e7u 1,000,000 visites. Nous utilisons la soci\u00e9t\u00e9 de transport FedEx en Europe, la poste espagnole et les services de fret a\u00e9rien pour les autres r\u00e9gions ainsi que la modalit\u00e9 PayPal pour les paiements. Nous avons exp\u00e9di\u00e9 plus de 2500 colis.<\/p>\n<\/div>\n\t\t<\/div><\/div><div id=\"pgc-16-0-1\"  class=\"panel-grid-cell\" ><div id=\"panel-16-0-1-0\" class=\"so-panel widget widget_sow-image panel-first-child panel-last-child\" data-index=\"1\" ><div\n\t\t\t\n\t\t\tclass=\"so-widget-sow-image so-widget-sow-image-default-8b5b6f678277-16\"\n\t\t\t\n\t\t>\n\n<div class=\"sow-image-container\">\n\t\t<img loading=\"lazy\" decoding=\"async\" src=\"https:\/\/longlinefishing.biz\/fr\/wp-content\/uploads\/2023\/11\/about2.jpg\" width=\"375\" height=\"225\" srcset=\"https:\/\/longlinefishing.biz\/fr\/wp-content\/uploads\/2023\/11\/about2.jpg 375w, https:\/\/longlinefishing.biz\/fr\/wp-content\/uploads\/2023\/11\/about2-300x180.jpg 300w\" sizes=\"auto, (max-width: 375px) 100vw, 375px\" alt=\"\" \t\tclass=\"so-widget-image\"\/>\n\t<\/div>\n\n<\/div><\/div><\/div><\/div><\/div><div id=\"pg-16-1\"  class=\"panel-grid panel-has-style\" ><div class=\"panel-row-style panel-row-style-for-16-1\" ><div id=\"pgc-16-1-0\"  class=\"panel-grid-cell\" ><div id=\"panel-16-1-0-0\" class=\"so-panel widget widget_text panel-first-child panel-last-child\" data-index=\"2\" >\t\t\t<div class=\"textwidget\"><h2 class=\"entry-title\">\u00c9quipement de p\u00eache<\/h2>\n<p>Notre travail est hautement artisanal: la plupart des articles sont fabriqu\u00e9s ici par des p\u00eacheurs locaux qui utilisent des mati\u00e8res premi\u00e8res que nous achetons sur place ou que nous importons d\u2019Extr\u00eame-Orient. En tant que premier pays de p\u00eache au sein de l\u2019UE, l\u2019Espagne est tr\u00e8s comp\u00e9titive et compte des milliers de petites entreprises de fabrication et exportation d&#8217;engins de p\u00eache. Nous sommes en mesure de garantir de courts d\u00e9lais de livraison gr\u00e2ce \u00e0 notre r\u00e9seau de fournisseurs.<\/p>\n<p>Notre nouveau site web nous permet d\u2019exp\u00e9dier des produits \u00e0 petite \u00e9chelle et pour des montants r\u00e9duits, notamment aux adeptes de la p\u00eache r\u00e9cr\u00e9ative. Tous les produits propos\u00e9s sur notre site sont disponibles en stock et nous pouvons \u00e9galement r\u00e9aliser n\u2019importe quelle variation sur les palangres que nous vendons.<\/p>\n<\/div>\n\t\t<\/div><\/div><\/div><\/div><div id=\"pg-16-2\"  class=\"panel-grid panel-has-style\" ><div class=\"about-us panel-row-style panel-row-style-for-16-2\" ><div id=\"pgc-16-2-0\"  class=\"panel-grid-cell panel-grid-cell-empty\" ><\/div><div id=\"pgc-16-2-1\"  class=\"panel-grid-cell\" ><div id=\"panel-16-2-1-0\" class=\"so-panel widget widget_sow-image panel-first-child panel-last-child\" data-index=\"3\" ><div\n\t\t\t\n\t\t\tclass=\"so-widget-sow-image so-widget-sow-image-default-89f16426b92c-16\"\n\t\t\t\n\t\t>\n\n<div class=\"sow-image-container\">\n\t\t<img loading=\"lazy\" decoding=\"async\" src=\"https:\/\/longlinefishing.biz\/fr\/wp-content\/uploads\/2023\/11\/about1.jpg\" width=\"300\" height=\"235\" sizes=\"auto, (max-width: 300px) 100vw, 300px\" title=\"Packing 250 line baskets for a development program in Angola\" alt=\"\" \t\tclass=\"so-widget-image\"\/>\n\t<\/div>\n\n<h3 class=\"widget-title\">Packing 250 line baskets for a development program in Angola<\/h3><\/div><\/div><\/div><div id=\"pgc-16-2-2\"  class=\"panel-grid-cell panel-grid-cell-mobile-last\" ><div id=\"panel-16-2-2-0\" class=\"so-panel widget widget_sow-image panel-first-child panel-last-child\" data-index=\"4\" ><div\n\t\t\t\n\t\t\tclass=\"so-widget-sow-image so-widget-sow-image-default-8b5b6f678277-16\"\n\t\t\t\n\t\t>\n\n<div class=\"sow-image-container\">\n\t\t<img loading=\"lazy\" decoding=\"async\" src=\"https:\/\/longlinefishing.biz\/fr\/wp-content\/uploads\/2023\/11\/about3.jpg\" width=\"300\" height=\"240\" sizes=\"auto, (max-width: 300px) 100vw, 300px\" title=\"Mounting a 1000 hook swordfish line for Cyprus\" alt=\"\" \t\tclass=\"so-widget-image\"\/>\n\t<\/div>\n\n<h3 class=\"widget-title\">Mounting a 1000 hook swordfish line for Cyprus<\/h3><\/div><\/div><\/div><div id=\"pgc-16-2-3\"  class=\"panel-grid-cell panel-grid-cell-empty\" ><\/div><\/div><\/div><\/div>","protected":false},"excerpt":{"rendered":"<p>Artisan Fisheries Consultants a commenc\u00e9 ses activit\u00e9s commerciales \u00e0 El Puerto de Santa Mar\u00eda, en Andalousie (Espagne), port d\u2019o\u00f9 sont parties les exp\u00e9ditions de Christophe Colomb. La premi\u00e8re publicit\u00e9 Google Adwords a \u00e9t\u00e9 lanc\u00e9e sur la Toile en d\u00e9cembre 2005. Depuis notre site a re\u00e7u\u2026.., notre site a re\u00e7u 1,000,000 visites. Nous utilisons la soci\u00e9t\u00e9 [&hellip;]<\/p>\n","protected":false},"author":1,"featured_media":0,"parent":0,"menu_order":0,"comment_status":"closed","ping_status":"closed","template":"","meta":{"footnotes":""},"class_list":["post-16","page","type-page","status-publish","hentry","post"],"_links":{"self":[{"href":"https:\/\/longlinefishing.biz\/fr\/wp-json\/wp\/v2\/pages\/16","targetHints":{"allow":["GET"]}}],"collection":[{"href":"https:\/\/longlinefishing.biz\/fr\/wp-json\/wp\/v2\/pages"}],"about":[{"href":"https:\/\/longlinefishing.biz\/fr\/wp-json\/wp\/v2\/types\/page"}],"author":[{"embeddable":true,"href":"https:\/\/longlinefishing.biz\/fr\/wp-json\/wp\/v2\/users\/1"}],"replies":[{"embeddable":true,"href":"https:\/\/longlinefishing.biz\/fr\/wp-json\/wp\/v2\/comments?post=16"}],"version-history":[{"count":103,"href":"https:\/\/longlinefishing.biz\/fr\/wp-json\/wp\/v2\/pages\/16\/revisions"}],"predecessor-version":[{"id":530,"href":"https:\/\/longlinefishing.biz\/fr\/wp-json\/wp\/v2\/pages\/16\/revisions\/530"}],"wp:attachment":[{"href":"https:\/\/longlinefishing.biz\/fr\/wp-json\/wp\/v2\/media?parent=16"}],"curies":[{"name":"wp","href":"https:\/\/api.w.org\/{rel}","templated":true}]}}