{"id":569,"date":"2024-11-12T00:57:55","date_gmt":"2024-11-12T00:57:55","guid":{"rendered":"https:\/\/longlinefishing.biz\/es\/?page_id=569"},"modified":"2024-11-14T23:47:23","modified_gmt":"2024-11-14T23:47:23","slug":"maquinilla-de-palangre","status":"publish","type":"page","link":"https:\/\/longlinefishing.biz\/es\/maquinilla-de-palangre\/","title":{"rendered":"Maquinilla de Palangre"},"content":{"rendered":"<div id=\"pl-569\"  class=\"panel-layout\" ><div id=\"pg-569-0\"  class=\"panel-grid panel-has-style\" ><div class=\"panel-row-style panel-row-style-for-569-0\" ><div id=\"pgc-569-0-0\"  class=\"panel-grid-cell\" ><div id=\"panel-569-0-0-0\" class=\"so-panel widget widget_siteorigin-panels-builder panel-first-child panel-last-child\" data-index=\"0\" ><div id=\"pl-w6732aac990d1d\"  class=\"panel-layout\" ><div id=\"pg-w6732aac990d1d-0\"  class=\"panel-grid panel-no-style\" ><div id=\"pgc-w6732aac990d1d-0-0\"  class=\"panel-grid-cell\" ><div id=\"panel-w6732aac990d1d-0-0-0\" class=\"so-panel widget widget_sow-headline panel-first-child panel-last-child\" data-index=\"0\" ><div\n\t\t\t\n\t\t\tclass=\"so-widget-sow-headline so-widget-sow-headline-default-8925baf82f97\"\n\t\t\t\n\t\t><div class=\"sow-headline-container \">\n\t\t\t\t\t\t\t<h1 class=\"sow-headline\">\n\t\t\t\t\t\tPESCA CON PALANGRE CON CARRETES HIDR\u00c1ULICOS\t\t\t\t\t\t<\/h1>\n\t\t\t\t\t\t\t\t\t\t\t\t<h2 class=\"sow-sub-headline\">\n\t\t\t\t\t\tLa captura de at\u00fan, merluza, bacalao y flet\u00e1n es rentable y sencilla\t\t\t\t\t\t<\/h2>\n\t\t\t\t\t\t<\/div>\n<\/div><\/div><\/div><div id=\"pgc-w6732aac990d1d-0-1\"  class=\"panel-grid-cell\" ><div id=\"panel-w6732aac990d1d-0-1-0\" class=\"so-panel widget widget_sow-image panel-first-child panel-last-child\" data-index=\"1\" ><div\n\t\t\t\n\t\t\tclass=\"so-widget-sow-image so-widget-sow-image-default-c67d20f9f743\"\n\t\t\t\n\t\t>\n<div class=\"sow-image-container\">\n\t\t<img \n\tsrc=\"https:\/\/longlinefishing.biz\/es\/wp-content\/uploads\/2024\/11\/havfiskeri-white.png\" width=\"489\" height=\"215\" srcset=\"https:\/\/longlinefishing.biz\/es\/wp-content\/uploads\/2024\/11\/havfiskeri-white.png 489w, https:\/\/longlinefishing.biz\/es\/wp-content\/uploads\/2024\/11\/havfiskeri-white-300x132.png 300w\" sizes=\"(max-width: 489px) 100vw, 489px\" alt=\"\" \t\tclass=\"so-widget-image\"\/>\n\t<\/div>\n\n<\/div><\/div><\/div><\/div><\/div><\/div><\/div><\/div><\/div><div id=\"pg-569-1\"  class=\"panel-grid panel-has-style\" ><div class=\"panel-row-style panel-row-style-for-569-1\" ><div id=\"pgc-569-1-0\"  class=\"panel-grid-cell\" ><div id=\"panel-569-1-0-0\" class=\"so-panel widget widget_siteorigin-panels-builder panel-first-child panel-last-child\" data-index=\"1\" ><div id=\"pl-w6732aac99326d\"  class=\"panel-layout\" ><div id=\"pg-w6732aac99326d-0\"  class=\"panel-grid panel-no-style\" ><div id=\"pgc-w6732aac99326d-0-0\"  class=\"panel-grid-cell\" ><div id=\"panel-w6732aac99326d-0-0-0\" class=\"so-panel widget widget_sow-video panel-first-child panel-last-child\" data-index=\"0\" ><div\n\t\t\t\n\t\t\tclass=\"so-widget-sow-video so-widget-sow-video-default-f379b959fc93\"\n\t\t\t\n\t\t>\n<div class=\"sow-video-wrapper\n\">\n\t\t\t<video\n\t\t\tid=\"sow-player-1\" class=\"sow-video-widget\" preload=\"auto\" style=\"width:100%;height:100%;\" poster=\"https:\/\/longlinefishing.biz\/es\/wp-content\/uploads\/2024\/11\/video-cover-image.png\" controls \t\t>\n\t\t\t\t\t\t\t<source type=\"video\/mp4\" src=\"https:\/\/longlinefishing.biz\/es\/wp-content\/uploads\/2024\/11\/tuna-fish-catching-ocean.mp4\"\/>\n\t\t\t\t\t<\/video>\n\t<\/div>\n<\/div><\/div><\/div><div id=\"pgc-w6732aac99326d-0-1\"  class=\"panel-grid-cell\" ><div id=\"panel-w6732aac99326d-0-1-0\" class=\"widget_text so-panel widget widget_custom_html panel-first-child panel-last-child\" data-index=\"1\" ><div class=\"textwidget custom-html-widget\"><h2>Tecnolog\u00eda probada<\/h2>\n<p>Lindgren Pitman Inc en Florida ha fabricado y distribuido carretes para palangre durante 40 a\u00f1os. Nuestra agencia en Noruega tiene ahora 60 barcos pescando con estos carretes. Vendemos mini-carretes LP que son adecuados para barcos de 25 a 40 pies. Las cestas ya no son necesarias.<\/p>\n<p>Su implementaci\u00f3n ha supuesto una revoluci\u00f3n en la pesca de fondo del flet\u00e1n, superando la captura noruega con redes de enmalle y l\u00edneas autom\u00e1ticas.<\/p>\n\n<h2>Acceso al mercado europeo<\/h2>\n<p>Los carretes se env\u00edan desde Miami a cualquier aeropuerto europeo importante por aire y se transportan por carretera hasta su puerto. La instalaci\u00f3n en su barco es sencilla y requiere peque\u00f1as cantidades de aceite hidr\u00e1ulico y presi\u00f3n para proporcionar la potencia que necesita.<\/p><\/div><\/div><\/div><div id=\"pgc-w6732aac99326d-0-2\"  class=\"panel-grid-cell\" ><div id=\"panel-w6732aac99326d-0-2-0\" class=\"widget_text so-panel widget widget_custom_html panel-first-child panel-last-child\" data-index=\"2\" ><div class=\"textwidget custom-html-widget\"><h2>Equipo de pesca<\/h2>\n<p>El hilo (por exemplo monofilamento de 3,6 mm o trenzado de 5,0 mm) se fabrica en Italia y Espa\u00f1a, los nudos de tope del monofilamento (para evitar que los mosquetones se deslicen) se montan en nuestro taller de Portugal y las ramales se fabrican aqu\u00ed con material de Corea del Sur, Vietnam, Taiw\u00e1n y Espa\u00f1a seg\u00fan el pedido exacto del cliente. Los cargadores (que contienen entre 200 y 400 bas de ligne cada uno) se fabrican en Noruega y Estonia, y todo se empaca en un pal\u00e9 y se entrega antes de que llegue el carrete desde Miami.<\/p>\n\n<h2>No son pesados ni caros<\/h2>\n<p>Los carretes ocupan una superficie de 10 a 15 pies cuadrados y pesan desde 400 kg con hilo, y cuestan, con env\u00edo incluido, \u20ac16.000, con herramientas y repuestos para el carrete m\u00e1s peque\u00f1o con 500 sedales para at\u00fan o 1.200 bas de ligne para pesca de fondo como flet\u00e1n, bacalao o merluza.<\/p><\/div><\/div><\/div><\/div><\/div><\/div><\/div><div id=\"pgc-569-1-1\"  class=\"panel-grid-cell\" ><div id=\"panel-569-1-1-0\" class=\"widget_text so-panel widget widget_custom_html panel-first-child\" data-index=\"2\" ><div class=\"textwidget custom-html-widget\"><style>\n.lightbox {\n\t\/** Default lightbox to hidden *\/\n\tdisplay: none;\n\n\t\/** Position and style *\/\n\tposition: fixed;\n\tz-index: 999;\n\twidth: 100%;\n\theight: 100%;\n\ttext-align: center;\n\ttop: 0;\n\tleft: 0;\n\tbackground: rgba(0,0,0,0.4);\n}\n.lightbox:target {\n\t\/** Remove default browser outline *\/\n\toutline: none;\n\n\t\/** Unhide lightbox **\/\n\tdisplay: block;\n}\n\n\/** videoModal **\/\n#videoModal {\n  border-radius: 0;\n  width: 275px;\n  margin:auto;\n\t}\n  #videoModal .modal-header {\n    background: #000;\n    border: 0;\n    color: #fff;\n    position: relative;\n\t\t  height:35px; }\n    #videoModal .modal-header h3 {\n      font-size: 18px;\n      line-height: 22px;\n\t  font-family:Arial, Helvetica, sans-serif;\n\t  padding:5px;}\n  #videoModal .modal-body {\n    height: 489px;\n    padding: 0;\n    max-height: none;\n    overflow: hidden; }\n  #videoModal .modal-footer:empty {\n    display: none !important; }\n  #videoModal .close {\n    background: transparent;\n    color: #fff;\n    font-size: 24px;\n    margin: 0;\n    opacity: 1;\n    position: absolute;\n    right: 0;\n    text-shadow: none;\n    top: -10px;\n    width: 30px; }\n<\/style>\n\n<a href=\"#halibut_video\"><img decoding=\"async\" src=\"https:\/\/longlinefishing.biz\/en\/wp-content\/uploads\/2024\/10\/halibat-cover-video.jpg\"><\/a>\n<a href=\"#_\" class=\"lightbox\" id=\"halibut_video\">\n<div id=\"videoModal\" class=\"modal hide fade in\" tabindex=\"-1\" role=\"dialog\" aria-labelledby=\"videoModalLabel\" aria-hidden=\"false\" style=\"display: block;\">\n  <div class=\"modal-header\">\n    <button type=\"button\" class=\"close full-height\" data-dismiss=\"modal\" aria-hidden=\"true\">X<\/button>\n  <\/div>\n  <div class=\"modal-body\"><iframe loading=\"lazy\" width=\"100%\" height=\"100%\" src=\"https:\/\/longlinefishing.biz\/en\/wp-content\/uploads\/2023\/09\/short-small.mp4\" frameborder=\"0\" allowfullscreen=\"\" sandbox=\"\"><\/iframe><\/div>\n  <div class=\"modal-footer\"><\/div>\n<\/div>\n<\/a><\/div><\/div><div id=\"panel-569-1-1-1\" class=\"so-panel widget widget_siteorigin-panels-builder panel-last-child\" data-index=\"3\" ><div id=\"pl-w6732b1cac1282\"  class=\"panel-layout\" ><div id=\"pg-w6732b1cac1282-0\"  class=\"panel-grid panel-no-style\" ><div id=\"pgc-w6732b1cac1282-0-0\"  class=\"panel-grid-cell\" ><div id=\"panel-w6732b1cac1282-0-0-0\" class=\"so-panel widget widget_sow-image panel-first-child panel-last-child\" data-index=\"0\" ><div\n\t\t\t\n\t\t\tclass=\"so-widget-sow-image so-widget-sow-image-default-c67d20f9f743\"\n\t\t\t\n\t\t>\n<div class=\"sow-image-container\">\n\t\t\t<a href=\"https:\/\/www.lindgren-pitman.com\/collections\/longline-spools\"\n\t\t\ttarget=\"_blank\" rel=\"noopener noreferrer\" \t\t>\n\t\t\t<img \n\tsrc=\"https:\/\/longlinefishing.biz\/es\/wp-content\/uploads\/2024\/11\/lindgren-pitman.jpg\" width=\"800\" height=\"444\" srcset=\"https:\/\/longlinefishing.biz\/es\/wp-content\/uploads\/2024\/11\/lindgren-pitman.jpg 800w, https:\/\/longlinefishing.biz\/es\/wp-content\/uploads\/2024\/11\/lindgren-pitman-300x167.jpg 300w, https:\/\/longlinefishing.biz\/es\/wp-content\/uploads\/2024\/11\/lindgren-pitman-768x426.jpg 768w\" sizes=\"(max-width: 800px) 100vw, 800px\" alt=\"\" \t\tclass=\"so-widget-image\"\/>\n\t\t\t<\/a><\/div>\n\n<\/div><\/div><\/div><div id=\"pgc-w6732b1cac1282-0-1\"  class=\"panel-grid-cell\" ><div id=\"panel-w6732b1cac1282-0-1-0\" class=\"so-panel widget widget_sow-image panel-first-child panel-last-child\" data-index=\"1\" ><div\n\t\t\t\n\t\t\tclass=\"so-widget-sow-image so-widget-sow-image-default-c67d20f9f743\"\n\t\t\t\n\t\t>\n<div class=\"sow-image-container\">\n\t\t\t<a href=\"https:\/\/longlinefishing.biz\/shop\/en\/98-hydraulic-spools\"\n\t\t\ttarget=\"_blank\" rel=\"noopener noreferrer\" \t\t>\n\t\t\t<img \n\tsrc=\"https:\/\/longlinefishing.biz\/es\/wp-content\/uploads\/2024\/11\/LPMiniSuperSpooI.jpg\" width=\"800\" height=\"444\" srcset=\"https:\/\/longlinefishing.biz\/es\/wp-content\/uploads\/2024\/11\/LPMiniSuperSpooI.jpg 800w, https:\/\/longlinefishing.biz\/es\/wp-content\/uploads\/2024\/11\/LPMiniSuperSpooI-300x167.jpg 300w, https:\/\/longlinefishing.biz\/es\/wp-content\/uploads\/2024\/11\/LPMiniSuperSpooI-768x426.jpg 768w\" sizes=\"(max-width: 800px) 100vw, 800px\" alt=\"\" \t\tclass=\"so-widget-image\"\/>\n\t\t\t<\/a><\/div>\n\n<\/div><\/div><\/div><\/div><\/div><\/div><\/div><\/div><\/div><\/div>","protected":false},"excerpt":{"rendered":"<p>PESCA CON PALANGRE CON CARRETES HIDR\u00c1ULICOS La captura de at\u00fan, merluza, bacalao y flet\u00e1n es rentable y sencilla Tecnolog\u00eda probada Lindgren Pitman Inc en Florida ha fabricado y distribuido carretes para palangre durante 40 a\u00f1os. Nuestra agencia en Noruega tiene ahora 60 barcos pescando con estos carretes. Vendemos mini-carretes LP que son adecuados para barcos [&hellip;]<\/p>\n","protected":false},"author":1,"featured_media":0,"parent":0,"menu_order":0,"comment_status":"closed","ping_status":"closed","template":"","meta":{"footnotes":""},"class_list":["post-569","page","type-page","status-publish","hentry","post"],"_links":{"self":[{"href":"https:\/\/longlinefishing.biz\/es\/wp-json\/wp\/v2\/pages\/569","targetHints":{"allow":["GET"]}}],"collection":[{"href":"https:\/\/longlinefishing.biz\/es\/wp-json\/wp\/v2\/pages"}],"about":[{"href":"https:\/\/longlinefishing.biz\/es\/wp-json\/wp\/v2\/types\/page"}],"author":[{"embeddable":true,"href":"https:\/\/longlinefishing.biz\/es\/wp-json\/wp\/v2\/users\/1"}],"replies":[{"embeddable":true,"href":"https:\/\/longlinefishing.biz\/es\/wp-json\/wp\/v2\/comments?post=569"}],"version-history":[{"count":5,"href":"https:\/\/longlinefishing.biz\/es\/wp-json\/wp\/v2\/pages\/569\/revisions"}],"predecessor-version":[{"id":587,"href":"https:\/\/longlinefishing.biz\/es\/wp-json\/wp\/v2\/pages\/569\/revisions\/587"}],"wp:attachment":[{"href":"https:\/\/longlinefishing.biz\/es\/wp-json\/wp\/v2\/media?parent=569"}],"curies":[{"name":"wp","href":"https:\/\/api.w.org\/{rel}","templated":true}]}}