{"id":264,"date":"2023-09-20T23:07:26","date_gmt":"2023-09-20T23:07:26","guid":{"rendered":"https:\/\/new.havfiskeri.no\/?page_id=264"},"modified":"2023-11-14T09:32:26","modified_gmt":"2023-11-14T09:32:26","slug":"consejos-y-trucos","status":"publish","type":"page","link":"https:\/\/longlinefishing.biz\/es\/consejos-y-trucos\/","title":{"rendered":"Consejos y trucos"},"content":{"rendered":"<div id=\"pl-264\"  class=\"panel-layout\" ><div id=\"pg-264-0\"  class=\"panel-grid panel-has-style\" ><div class=\"siteorigin-panels-stretch panel-row-style panel-row-style-for-264-0\" data-stretch-type=\"full\" ><div id=\"pgc-264-0-0\"  class=\"panel-grid-cell\" ><div id=\"panel-264-0-0-0\" class=\"so-panel widget widget_sow-tabs panel-first-child panel-last-child\" data-index=\"0\" ><div\n\t\t\t\n\t\t\tclass=\"so-widget-sow-tabs so-widget-sow-tabs-default-e73dafa3e11a-264\"\n\t\t\t\n\t\t><div class=\"sow-tabs\">\n\t<div class=\"sow-tabs-tab-container\" role=\"tablist\">\n\t\t\t<div\n\t\t\tclass=\"sow-tabs-tab\n\t\t\t sow-tabs-tab-selected\t\t\t\"\n\t\t\trole=\"tab\"\n\t\t\tdata-anchor-id=\"como-abrir-una-madeja-de-monofilamento-sin-que-se-enrede\"\n\t\t\taria-selected=\"true\"\n\t\t\ttabindex=\"0\"\n\t\t>\n\t\t\t<div class=\"sow-tabs-title sow-tabs-title-icon-left\">\n\t\t\t\t\t\t\t\tC\u00f3mo abrir una madeja de monofilamento sin que se enrede\t\t\t\t\t\t\t<\/div>\n\t\t<\/div>\n\t\t\t<div\n\t\t\tclass=\"sow-tabs-tab\n\t\t\t\t\t\t\"\n\t\t\trole=\"tab\"\n\t\t\tdata-anchor-id=\"como-mantener-el-cebo-sobre-el-lecho-marino\"\n\t\t\taria-selected=\"false\"\n\t\t\ttabindex=\"0\"\n\t\t>\n\t\t\t<div class=\"sow-tabs-title sow-tabs-title-icon-left\">\n\t\t\t\t\t\t\t\tC\u00f3mo mantener el cebo sobre el lecho marino\t\t\t\t\t\t\t<\/div>\n\t\t<\/div>\n\t\t\t<div\n\t\t\tclass=\"sow-tabs-tab\n\t\t\t\t\t\t\"\n\t\t\trole=\"tab\"\n\t\t\tdata-anchor-id=\"eleccion-simplificada-de-los-anzuelos\"\n\t\t\taria-selected=\"false\"\n\t\t\ttabindex=\"0\"\n\t\t>\n\t\t\t<div class=\"sow-tabs-title sow-tabs-title-icon-left\">\n\t\t\t\t\t\t\t\tElecci\u00f3n simplificada de los anzuelos\t\t\t\t\t\t\t<\/div>\n\t\t<\/div>\n\t\t\t<div\n\t\t\tclass=\"sow-tabs-tab\n\t\t\t\t\t\t\"\n\t\t\trole=\"tab\"\n\t\t\tdata-anchor-id=\"cestas-para-palangre-y-cajas-de-sedales-como-hacerlas-uno-mismo\"\n\t\t\taria-selected=\"false\"\n\t\t\ttabindex=\"0\"\n\t\t>\n\t\t\t<div class=\"sow-tabs-title sow-tabs-title-icon-left\">\n\t\t\t\t\t\t\t\tCestas para palangre y cajas de sedales: C\u00f3mo hacerlas uno mismo\t\t\t\t\t\t\t<\/div>\n\t\t<\/div>\n\t\t\t<div\n\t\t\tclass=\"sow-tabs-tab\n\t\t\t\t\t\t\"\n\t\t\trole=\"tab\"\n\t\t\tdata-anchor-id=\"cebo-fresco-o-artificial\"\n\t\t\taria-selected=\"false\"\n\t\t\ttabindex=\"0\"\n\t\t>\n\t\t\t<div class=\"sow-tabs-title sow-tabs-title-icon-left\">\n\t\t\t\t\t\t\t\tCebo: \u00bffresco o artificial?\t\t\t\t\t\t\t<\/div>\n\t\t<\/div>\n\t\t\t<div\n\t\t\tclass=\"sow-tabs-tab\n\t\t\t\t\t\t\"\n\t\t\trole=\"tab\"\n\t\t\tdata-anchor-id=\"funcionan-las-luces-y-perlas-fluorescentes\"\n\t\t\taria-selected=\"false\"\n\t\t\ttabindex=\"0\"\n\t\t>\n\t\t\t<div class=\"sow-tabs-title sow-tabs-title-icon-left\">\n\t\t\t\t\t\t\t\t\u00bfFuncionan las luces y perlas fluorescentes?\t\t\t\t\t\t\t<\/div>\n\t\t<\/div>\n\t\t<\/div>\n\n\t<div class=\"sow-tabs-panel-container\">\n\t\t\t<div class=\"sow-tabs-panel\">\n\t\t\t<div\n\t\t\t\tclass=\"sow-tabs-panel-content\"\n\t\t\t\trole=\"tabpanel\"\n\t\t\t\taria-hidden=\"false\"\n\t\t\t>\n\t\t\t\t<h2>C\u00f3mo abrir una madeja de monofilamento sin que se enrede<\/h2>\nEl monofilamento para <a href=\"http:\/\/www.longlinefishing.biz\/shop\/es\/12-palangre\">palangre\u00a0<\/a>viene en madejas en vez de en carretes. Cuando se coloca al <a href=\"http:\/\/www.longlinefishing.biz\/shop\/es\/13-monofilament-con-giratorios\">monofilamento\u00a0<\/a>en un carrete, al retirarlo, adquirir\u00e1 la forma de un espiral. Por lo que tendremos que abrir la madeja sin el l\u00edo de crear un nido de p\u00e1jaros. Esto aplica a las madejas de monofilamento para sedales y l\u00edneas de palangres listas con destorcedores <a href=\"http:\/\/www.longlinefishing.biz\/shop\/es\/18-giratorios-mosquetons\">giradores<\/a>.\n<h3>Sedales<\/h3>\nLos pescadores comerciales utilizan mayormente un sedal de una longitud de 130 cm (merluza, lubina, trucha, flet\u00e1n, mahi-mahi, corvina, abadejo, caballa, congrio). Estas especies se encuentran a media agua o de 5 a 10 metros del fondo del mar. Se obtienen los 130 cm cortando la madeja una vez. Se utiliza el sedal a 65 cm para peces de fondo como el bacalao, el pargo, el mero y el besugo. Se obtienen los 65 cm cuando se corta la madeja dos veces.\n\nPara cualquier otra longitud deseada para peces tales como los pel\u00e1gicos (normalmente de una longitud de 8 a 12 metros) o longitudes personalizadas, se deber\u00e1 abrir la madeja y cada redecilla deber\u00e1 medirse. Se colocar\u00e1n dos abrazaderas F sobre una mesa con una separaci\u00f3n de un metro entre s\u00ed, el monofilamento se extraer\u00e1 de la madeja y se aplica una vuelta completa del mismo alrededor de estas. Cuando haya terminado, si lo corta una vez obtendr\u00e1 una redecilla de 2 metros.\n<h3>Apertura de la madeja del palangre<\/h3>\nProbablemente la madeja del palangre terminar\u00e1 en una cesta (<a href=\"\/es\/basket.php\">c\u00f3mo hacer una cesta, haga clic aqu\u00ed<\/a>) con las redecillas anudadas a los destorcedores giradores y el anzuelo clavado en el borde de la cesta.\n\n<img decoding=\"async\" class=\"alignright\" style=\"float: right;margin-left: 10px\" src=\"\/en\/wp-content\/uploads\/2023\/11\/open-hank.png\" alt=\"open hank\" \/>\n<h3 style=\"line-height: 30px\">La mejor manera de abrir una madeja de monofilamento es utilizar una silla normal con respaldo.<\/h3>\n<ol type=\"1\">\n \t<li>Corte los hilos alrededor de la madeja, mientras que la madeja se recuesta sobre una mesa.<\/li>\n \t<li>Encuentre el inicio de la l\u00ednea.<\/li>\n \t<li>Con ambas manos, coloque la madeja sobre el respaldo<\/li>\n \t<li>Comience a tomar la l\u00ednea, evitando cualquier bucle de superar la parte superior.<\/li>\n<\/ol>\nSi el final de la l\u00ednea se sac\u00f3, liberarlo y lo atan a una pata de la silla.\t\t\t<\/div>\n\t\t<\/div>\n\t\t\t<div class=\"sow-tabs-panel\">\n\t\t\t<div\n\t\t\t\tclass=\"sow-tabs-panel-content\"\n\t\t\t\trole=\"tabpanel\"\n\t\t\t\taria-hidden=\"true\"\n\t\t\t>\n\t\t\t\t<div id=\"keep-hooks\" class=\"tabcontent\">\n<h2>C\u00f3mo mantener el cebo sobre el lecho marino<\/h2>\n<img decoding=\"async\" style=\"float: right;margin-left: 20px;width: 300px\" src=\"\/en\/wp-content\/uploads\/2023\/11\/hank1.jpg\" alt=\"hank\" \/>\n\nEl <a href=\"http:\/\/www.longlinefishing.biz\/shop\/es\/17-anzuelos\">anzuelo\u00a0<\/a>con cebo deber\u00e1 colocarse donde el pez que usted desea atrapar, nade: en el fondo, a media agua o en la superficie. Los anzuelos cebados PUEDEN usarse en el fondo pero \u00fanicamente para peces que viven en las praderas marinas como el lenguado y el bacalao. Ser\u00e1 m\u00e1s probable que los cangrejos se terminen la carnada antes de que llegue un pez. En lechos marinos elevados, fondos rocosos, etc., la l\u00ednea puede estirarse sobre las elevaciones, haciendo que la mayor\u00eda de los anzuelos queden por encima del lecho marino.\nLos se\u00f1uelos artificiales deben usarse en aguas libres, no sirven para pescar en el fondo.\nEn fondos llanos, ser\u00e1 necesario usar \u201creguladores de profundidad\u201d o una\u00a0 plomada\/flotador\u201d que consisten de cuatro elementos: - Una bola de plomo con un orificio o un tubo de plomo para red de cerco que se obtiene de los pescadores comerciales en el puerto que pescan con redes de cerco. Los tubos de plomo (platinas) pueden ser de hasta 500 gramos (m\u00e1s de una libra) cada uno, suficiente para una platina. Normalmente servir\u00e1n 250 gramos - <a href=\"http:\/\/www.longlinefishing.biz\/shop\/es\/15-lineas-hilos\">Hilo de polietileno\u00a0<\/a>trenzado de 3 mm que flote y tenga un aspecto r\u00edgido. El hilo puede ser de 2 a 10 metros de largo dependiendo de lo que est\u00e9 pescando. - Un <a href=\"http:\/\/www.longlinefishing.biz\/shop\/es\/22-flotadores\">flotador\u00a0<\/a>que se adapte al peso del plomo, un flotador de anillo grande en PVC que se utiliza para las redes de enmalle o un flotador de espuma para las redes de cerco peque\u00f1as. Los pescadores siempre tienen una dotaci\u00f3n de estos art\u00edculos.\nAunque sean baratos y usados, igualmente servir\u00e1n. -\u00a0Un <a href=\"http:\/\/www.longlinefishing.biz\/shop\/es\/48-mosquetons-inox\">mosquet\u00f3n<\/a> de 80 mm colocado debajo del flotador. El mosquet\u00f3n se abrocha a la l\u00ednea cuando se la suelta.\u00a0Haga que los reguladores se enrollen en un cubo por separado, y \u00faselos cada 50-75 metros para mantener los anzuelos por encima del lecho marino. Cuando recoja la l\u00ednea, los reguladores se desprenden de la l\u00ednea y se vuelven a enrollar dentro de su cubo. Por supuesto, podemos vend\u00e9rselos con su pedido.\n\n<\/div>\t\t\t<\/div>\n\t\t<\/div>\n\t\t\t<div class=\"sow-tabs-panel\">\n\t\t\t<div\n\t\t\t\tclass=\"sow-tabs-panel-content\"\n\t\t\t\trole=\"tabpanel\"\n\t\t\t\taria-hidden=\"true\"\n\t\t\t>\n\t\t\t\t<h2>Elecci\u00f3n simplificada de los anzuelos<\/h2>\nLos pescadores comerciales tienen un enfoque mucho m\u00e1s relajado con respecto a los <a href=\"http:\/\/www.longlinefishing.biz\/shop\/es\/17-anzuelos\">anzuelos<\/a> que los pescadores deportivos. Realizan elecciones simples y esto les funciona bien.\n\n<img decoding=\"async\" class=\"derecha alignright\" src=\"\/en\/wp-content\/uploads\/2023\/11\/choice1.jpg\" alt=\"choie\" \/>\n<ol>\n \t<li>Anillo, argolla o patilla Los anzuelos con anillo est\u00e1n hoy en d\u00eda limitados a anzuelos para peces pel\u00e1gicos grandes. Cuando coloque el anzuelo en el mono, los anzuelos con anillo se mover\u00e1n mejor en la corriente y atraer\u00e1n a m\u00e1s peces. Los anzuelos con patilla son m\u00e1s r\u00e1pidos de montar. Estos anzuelos son tambi\u00e9n menos caros que los anzuelos con argolla. Nuestros trabajadores pueden montar hasta 200 anzuelos por hora. Si prefiere montar los sedales con remaches, no podr\u00e1 usar patillas. Los montajes con remaches requieren de argollas. Los anzuelos montados con remaches le dan una redecilla que es del 30 al 35% m\u00e1s fuerte que con un nudo, un nudo reduce\nla tensi\u00f3n de rotura del mono en un 40-50%.<\/li>\n \t<li>Material Los pescadores comerciales no utilizan anzuelos caros. La mayor\u00eda de las pesqueras cambian los anzuelos a diario: pescan una sola vez con un mismo anzuelo. Los anzuelos comerciales valen un tercio de un anzuelo de calidad, pero pescan lo mismo las 3-5 primeras veces que se los usan. Despu\u00e9s de eso, el anzuelo comercial se corroe, a una velocidad de 4 veces mayor que la de un anzuelo de calidad. Los anzuelos de acero al carbono vienen en dos versiones, acero al carbono de cruce \u00fanico (barato) y de doble cruce (como Mustad). El acero al carbono es m\u00e1s resistente que el acero inoxidable. Los peque\u00f1os y delgados anzuelos de acero inoxidable son demasiado d\u00e9biles.<\/li>\n \t<li>Rendimiento Un anzuelo comercial y barato y otro 3-4 veces m\u00e1s caro rinden lo mismo con respecto a la penetraci\u00f3n en la leng\u00fceta para las 3-5 primeras veces de pesca. Adem\u00e1s, los anzuelos caros pierden su mordacidad mucho antes de comenzar a corroerse. Para el\n<a href=\"http:\/\/www.longlinefishing.biz\/shop\/es\/12-palangre\">palangre\u00a0<\/a>comercial, los anzuelos caros no valen su costo. Los principales fabricantes de todos los tipos de anzuelos han desarrollado la flexibilidad adecuada para que la resistencia y flexibilidad no sea un gran problema al momento de elegir los anzuelos.<\/li>\n \t<li>Estilo Todos los tipos de anzuelos, sirven par a pescar, siempre y cuando quepan en la boca del pez. La elecci\u00f3n principal consiste en emplear el tipo correcto de anzuelo (del tipo Sea Bent (curvo) redondo) o un anzuelo con curvatura tipo -offset-(desviada)\/retorcida (del tipo Kirby, Pico de loro).<img decoding=\"async\" class=\"izquierda alignleft\" src=\"\/en-new\/wp-content\/uploads\/2023\/11\/choice2.jpg\" alt=\"choice2\" \/>\nUn anzuelo recto llegar\u00e1 al vientre del pez, y un anzuelo de curvatura retorcida se agarrar\u00e1 al lado de la boca del pez. Por ende, los\u00a0 anzuelos rectos deber\u00e1n usarse para peces con bocas d\u00e9biles dado que un anzuelo de curvatura retorcida ser\u00eda m\u00e1s f\u00e1cilmente arrancado de la boca. En el palangre, un pez puede permanecer vivo en el anzuelo durante todo el tiempo de pesca, a diferencia de la pesca con l\u00ednea \u00fanica donde el pez es subido a bordo en unos pocos minutos.<\/li>\n<\/ol>\t\t\t<\/div>\n\t\t<\/div>\n\t\t\t<div class=\"sow-tabs-panel\">\n\t\t\t<div\n\t\t\t\tclass=\"sow-tabs-panel-content\"\n\t\t\t\trole=\"tabpanel\"\n\t\t\t\taria-hidden=\"true\"\n\t\t\t>\n\t\t\t\t<h2>Cestas para palangre y cajas de sedales: C\u00f3mo hacerlas uno mismo<\/h2>\nUna <a href=\"http:\/\/www.longlinefishing.biz\/shop\/es\/23-hierramentas\">cesta de palangre\u00a0<\/a>es una cuba redonda con un borde para sujetar los anzuelos, utilizada cuando los sedales se sujetan directamente a los destorcedores en el palangre. Cuando se utilizan sedales con un mosquet\u00f3n (a presi\u00f3n para sujetar el sedal a una l\u00ednea sin anzuelos) deber\u00e1 guardas los sedales en una caja de sedales y mantener la l\u00ednea principal en una cuba sin borde de caucho.\n<h2>Cestas de palangre<\/h2>\n<img decoding=\"async\" class=\"izquierda alignleft\" src=\"\/en\/wp-content\/uploads\/2023\/11\/basket1.jpg\" alt=\"basket\" \/>\n\nSon voluminosas y su transporte cuesta mucho dinero, y se pueden hacer all\u00ed donde est\u00e9. La cesta est\u00e1ndar es un tubo de PVC duro de 60 cm de di\u00e1metro y 25 cm de alto. Podr\u00e1 contener hasta 1.000 metros con una l\u00ednea de 1,4 mm y 200 anzuelos. Nosotros vendemos las cestas, tanto para el cebo artificial como para el cebo fresco. Los anzuelos con cebo artificial se aseguran a un borde de espuma dura y la cesta puede contener has 200 anzuelos. Cuando utilice cebo fresco, preferimos vender una cesta con borde de caucho con ranuras para que los anzuelos cebados cuelguen fuera de la cesta. Dicha cesta tiene una capacidad para 150 anzuelos en las ranuras.\n\n<img decoding=\"async\" class=\"derecha alignright\" style=\"height: 250px\" src=\"\/en\/wp-content\/uploads\/2023\/11\/basket2.jpg\" alt=\"basket\" \/>\n\nLas mejores cestas que puede hacer usted mismo son las fabricadas con los botes que tienen los invernaderos para el cultivo de \u00e1rboles y plantas grandes. Vienen en tama\u00f1os desde 50 litros hasta 1.000 litros y est\u00e1n hechos de PVC\/PP altamente resistente y ya vienen con los orificios en el fondo para el drenaje y dos manijas para su transporte a los lados. En esta tina, se coloca una varilla de espuma dura cortada por la mitad (de las que usan los ni\u00f1os en la playa) perforando orificios en el lado del bote y colocando la varilla de espuma con correas.\nSi va a utilizar cebo fresco, una tira de caucho de 0,3-0,5 mm de espesor y 10 cm de alto, se sujetar\u00e1 con pegamento resistente al borde despu\u00e9s de lijar el PVC y el caucho para una mejor adherencia del pegamento. Se colocar\u00e1n pernos a 10-15 cm entre s\u00ed (de cabeza plana del lado interior para evitar que el mono se enganche). Por \u00faltimo, se utiliza un cuchillo afilado para cortar ranuras en el caucho, de 15 mm de profundidad y a 15 mm entre s\u00ed.\n<div class=\"limpiar\"><\/div>\n<h2>Cajas de sedales<\/h2>\n<img decoding=\"async\" class=\"derecha alignright\" style=\"width: 300px\" src=\"\/en\/wp-content\/uploads\/2023\/11\/basket3.jpg\" alt=\"basket\" \/>\n\nUna caja de sedal es una caja cuadrada, del tipo que sirve para almacenamiento de jard\u00edn con tapa, y una varilla de rosca galvanizada de un di\u00e1metro de 5-6 mm en cada lado superior de los lados de la caja. Cada punta de la varilla de rosca se cierra con una tuerca <a href=\"http:\/\/www.longlinefishing.biz\/shop\/es\/23-hierramentas\" target=\"_blank\" rel=\"noopener\">de acero inoxidable<\/a> (cabeza redonda) en la parte exterior y una tuerca normal en el interior. Los sedales que pueden ser de 50 cm a 15 metros de largo se colocan como sigue:\n<ol>\n \t<li>El <a href=\"http:\/\/www.longlinefishing.biz\/shop\/es\/18-giratorios-mosquetons\">mosquet\u00f3n<\/a> se coloca en la varilla de rosca.<\/li>\n \t<li>El mono se coloca dentro de la caja.<\/li>\n \t<li>El <a href=\"http:\/\/www.longlinefishing.biz\/shop\/es\/17-anzuelos\">anzuelo<\/a> se coloca en el mosquet\u00f3n correspondiente.<\/li>\n<\/ol>\nCuando se dispara la l\u00ednea, se engancha a un sedal completo (el \u00faltimo que mont\u00f3), se suelta el anzuelo en el mar y se engancha al mosquet\u00f3n en la l\u00ednea principal. Cuando recoge la l\u00ednea, cada redecilla enganchada se coloca de vuelta en la caja.\t\t\t<\/div>\n\t\t<\/div>\n\t\t\t<div class=\"sow-tabs-panel\">\n\t\t\t<div\n\t\t\t\tclass=\"sow-tabs-panel-content\"\n\t\t\t\trole=\"tabpanel\"\n\t\t\t\taria-hidden=\"true\"\n\t\t\t>\n\t\t\t\t<h2>Cebo: \u00bffresco o artificial?<\/h2>\n<img decoding=\"async\" class=\"izquierda alignleft\" src=\"\/en\/wp-content\/uploads\/2023\/11\/bait1.jpg\" alt=\"bait\" \/>\n\nEl <a href=\"http:\/\/www.longlinefishing.biz\/shop\/es\/20-cebo-falso\">\ncebo falso<\/a> funciona, pero pesca menos que el cebo fresco. Sin embargo, puede emplear muchos m\u00e1s anzuelos con cebo artificial que con cebo fresco. Lleva tiempo montar el cebo fresco y es m\u00e1s caro. El cebo artificial tiene que estar libre <img decoding=\"async\" class=\"derecha alignright\" src=\"\/en-new\/wp-content\/uploads\/2023\/11\/bait2.jpg\" alt=\"bait2\" \/>en la masa de agua y no reposar\nsobre el lecho marino. Un ejemplo t\u00edpico y exitoso es la l\u00ednea de surf de la lubina, colocada en frente de las olas en aguas medias, donde el cebo -baila- en la corriente y atrae a la lubina cuando est\u00e1 cazando. La atracci\u00f3n del pez del anzuelo artificial se debe mayormente a otras razones que no son la carnada en s\u00ed misma. Las criaturas peque\u00f1as como el cangrejo y el camar\u00f3n sienten curiosidad por los se\u00f1uelos artificiales, y generan actividad alrededor del cebo que el pez no puede resistir. Cuando lo ataca, termina mordiendo el anzuelo artificial al tiempo que los seres vivos escapan.\n<ol>\n \t<li><a href=\"http:\/\/www.longlinefishing.biz\/shop\/es\/51-pulpitos\">El cebo pulpo<\/a> tienen el anzuelo dentro del cuerpo pl\u00e1stico. Primero se coloca el anzuelo, luego el pulpo se enrosca alrededor del anzuelo cortando un orificio peque\u00f1o en la cabeza del pulpo, y luego el sedal se anuda al destorcedor girador en la l\u00ednea principal.<\/li>\n \t<li>El se\u00f1uelo cangrejo tiene el <a href=\"http:\/\/www.longlinefishing.biz\/shop\/es\/20-cebo-falso\">anzuelo<\/a> a trav\u00e9s del cuerpo antes de anudar el sedal del mono al otro extremo del destorcedor <a href=\"http:\/\/www.longlinefishing.biz\/shop\/es\/18-giratorios-mosquetons\">giratorios<\/a> d\ne la l\u00ednea principal.<\/li>\n<\/ol>\n<img decoding=\"async\" class=\"well aligncenter\" style=\"max-width: 100%;margin: 20px auto\" src=\"\/en\/wp-content\/uploads\/2023\/11\/bait3.jpg\" alt=\"bait\" \/>\t\t\t<\/div>\n\t\t<\/div>\n\t\t\t<div class=\"sow-tabs-panel\">\n\t\t\t<div\n\t\t\t\tclass=\"sow-tabs-panel-content\"\n\t\t\t\trole=\"tabpanel\"\n\t\t\t\taria-hidden=\"true\"\n\t\t\t>\n\t\t\t\t<div id=\"light\" class=\"tabcontent\">\n<h2>\u00bfFuncionan las luces y perlas fluorescentes?<\/h2>\n<p>Existen especies de peces que son atra\u00eddas a la luz y otras que le temen. Como regla general, los peces con pocos enemigos son m\u00e1s curiosos acerca de la luz que los peces m\u00e1s temerosos. Esto no siempre es as\u00ed, esta curiosidad puede cambiar con la ubicaci\u00f3n geogr\u00e1fica y temporada. Sobre este tema, no hay respuestas claras y el uso de la luz debe probarse en el momento.<\/p>\n<ol>\n<li><a href=\"http:\/\/www.longlinefishing.biz\/shop\/es\/21-luzes\">Luces el\u00e9ctricas\u00a0<\/a>:Las pesqueras comerciales utilizan luces (bastones luminosos y luces el\u00e9ctricas) para las grandes especies pel\u00e1gicas, con capturas mejoradas. Adem\u00e1s, los institutos de investigaci\u00f3n de cinco pa\u00edses de Europa (Noruega, Suecia, Alemania, Dinamarca y<br \/>\nel Reino Unido) han adquirido nuestras luces el\u00e9ctricas para experimentos, informando de algunas capturas mejoradas.<\/li>\n<li><a href=\"http:\/\/www.longlinefishing.biz\/shop\/es\/58-perlas-fluorecentes\">Perlas<\/a>: Una perla es una peque\u00f1a bola fluorescente de alrededor de 9 x 18 mm colocada sobre un<a href=\"http:\/\/www.longlinefishing.biz\/shop\/es\/51-pulpitos\">cebo artificial<\/a>. Aumenta la actividad del peque\u00f1o cangrejo y del camar\u00f3n alrededor del cebo lo que nuevamente llama la atenci\u00f3n del pez objetivo. La luz en s\u00ed puede ser atractiva para la lubina y la trucha de mar. Los besugos\/doradas se interesan en la actividad\u00a0 alrededor de la luz, en terrenos donde se sienten seguros<\/li>\n<\/ol>\n<\/div>\n\t\t\t<\/div>\n\t\t<\/div>\n\t\t<\/div>\n<\/div>\n<\/div><\/div><\/div><\/div><\/div><\/div>","protected":false},"excerpt":{"rendered":"<p>C\u00f3mo abrir una madeja de monofilamento sin que se enrede C\u00f3mo mantener el cebo sobre el lecho marino Elecci\u00f3n simplificada de los anzuelos Cestas para palangre y cajas de sedales: C\u00f3mo hacerlas uno mismo Cebo: \u00bffresco o artificial? \u00bfFuncionan las luces y perlas fluorescentes? C\u00f3mo abrir una madeja de monofilamento sin que se enrede El [&hellip;]<\/p>\n","protected":false},"author":1,"featured_media":0,"parent":0,"menu_order":0,"comment_status":"closed","ping_status":"closed","template":"","meta":{"footnotes":""},"class_list":["post-264","page","type-page","status-publish","hentry","post"],"_links":{"self":[{"href":"https:\/\/longlinefishing.biz\/es\/wp-json\/wp\/v2\/pages\/264","targetHints":{"allow":["GET"]}}],"collection":[{"href":"https:\/\/longlinefishing.biz\/es\/wp-json\/wp\/v2\/pages"}],"about":[{"href":"https:\/\/longlinefishing.biz\/es\/wp-json\/wp\/v2\/types\/page"}],"author":[{"embeddable":true,"href":"https:\/\/longlinefishing.biz\/es\/wp-json\/wp\/v2\/users\/1"}],"replies":[{"embeddable":true,"href":"https:\/\/longlinefishing.biz\/es\/wp-json\/wp\/v2\/comments?post=264"}],"version-history":[{"count":10,"href":"https:\/\/longlinefishing.biz\/es\/wp-json\/wp\/v2\/pages\/264\/revisions"}],"predecessor-version":[{"id":554,"href":"https:\/\/longlinefishing.biz\/es\/wp-json\/wp\/v2\/pages\/264\/revisions\/554"}],"wp:attachment":[{"href":"https:\/\/longlinefishing.biz\/es\/wp-json\/wp\/v2\/media?parent=264"}],"curies":[{"name":"wp","href":"https:\/\/api.w.org\/{rel}","templated":true}]}}