{"id":18,"date":"2023-08-30T08:28:47","date_gmt":"2023-08-30T08:28:47","guid":{"rendered":"https:\/\/new.havfiskeri.no\/?page_id=18"},"modified":"2023-11-11T08:38:46","modified_gmt":"2023-11-11T08:38:46","slug":"fotos-de-peces","status":"publish","type":"page","link":"https:\/\/longlinefishing.biz\/es\/fotos-de-peces\/","title":{"rendered":"Fotos de peces"},"content":{"rendered":"<div id=\"pl-18\"  class=\"panel-layout\" ><div id=\"pg-18-0\"  class=\"panel-grid panel-no-style\" ><div id=\"pgc-18-0-0\"  class=\"panel-grid-cell\" ><div id=\"panel-18-0-0-0\" class=\"so-panel widget widget_sow-image panel-first-child panel-last-child\" data-index=\"0\" ><div\n\t\t\t\n\t\t\tclass=\"so-widget-sow-image so-widget-sow-image-default-334eeca80698-18\"\n\t\t\t\n\t\t>\n<div class=\"sow-image-container\">\n\t\t<img \n\tsrc=\"https:\/\/longlinefishing.biz\/es\/wp-content\/uploads\/2023\/10\/Storje-tatt-pa-line.jpg\" width=\"793\" height=\"922\" srcset=\"https:\/\/longlinefishing.biz\/es\/wp-content\/uploads\/2023\/10\/Storje-tatt-pa-line.jpg 793w, https:\/\/longlinefishing.biz\/es\/wp-content\/uploads\/2023\/10\/Storje-tatt-pa-line-258x300.jpg 258w, https:\/\/longlinefishing.biz\/es\/wp-content\/uploads\/2023\/10\/Storje-tatt-pa-line-768x893.jpg 768w\" sizes=\"(max-width: 793px) 100vw, 793px\" title=\"Makrellst\u00f8rje tatt p\u00e5 v\u00e5rt utstyr, september 2019\" alt=\"\" \t\tclass=\"so-widget-image\"\/>\n\t<\/div>\n\n<h3 class=\"widget-title\">Makrellst\u00f8rje tatt p\u00e5 v\u00e5rt utstyr, september 2019<\/h3><\/div><\/div><\/div><div id=\"pgc-18-0-1\"  class=\"panel-grid-cell\" ><div id=\"panel-18-0-1-0\" class=\"so-panel widget widget_sow-image panel-first-child panel-last-child\" data-index=\"1\" ><div\n\t\t\t\n\t\t\tclass=\"so-widget-sow-image so-widget-sow-image-default-334eeca80698-18\"\n\t\t\t\n\t\t>\n<div class=\"sow-image-container\">\n\t\t<img \n\tsrc=\"https:\/\/longlinefishing.biz\/es\/wp-content\/uploads\/2023\/10\/Stadt-Pasken-2018.jpg\" width=\"800\" height=\"1067\" srcset=\"https:\/\/longlinefishing.biz\/es\/wp-content\/uploads\/2023\/10\/Stadt-Pasken-2018.jpg 800w, https:\/\/longlinefishing.biz\/es\/wp-content\/uploads\/2023\/10\/Stadt-Pasken-2018-225x300.jpg 225w, https:\/\/longlinefishing.biz\/es\/wp-content\/uploads\/2023\/10\/Stadt-Pasken-2018-768x1024.jpg 768w\" sizes=\"(max-width: 800px) 100vw, 800px\" title=\"P\u00e5skekveite tatt utenfor Stadt med 16\/0 sirkelkrok, 100mm klips og 4.5mm hvit flettet polyesterline\" alt=\"\" \t\tclass=\"so-widget-image\"\/>\n\t<\/div>\n\n<h3 class=\"widget-title\">P\u00e5skekveite tatt utenfor Stadt med 16\/0 sirkelkrok, 100mm klips og 4.5mm hvit flettet polyesterline<\/h3><\/div><\/div><\/div><div id=\"pgc-18-0-2\"  class=\"panel-grid-cell\" ><div id=\"panel-18-0-2-0\" class=\"so-panel widget widget_sow-image panel-first-child panel-last-child\" data-index=\"2\" ><div\n\t\t\t\n\t\t\tclass=\"so-widget-sow-image so-widget-sow-image-default-334eeca80698-18\"\n\t\t\t\n\t\t>\n<div class=\"sow-image-container\">\n\t\t<img \n\tsrc=\"https:\/\/longlinefishing.biz\/es\/wp-content\/uploads\/2023\/10\/lebesby.jpg\" width=\"640\" height=\"830\" srcset=\"https:\/\/longlinefishing.biz\/es\/wp-content\/uploads\/2023\/10\/lebesby.jpg 640w, https:\/\/longlinefishing.biz\/es\/wp-content\/uploads\/2023\/10\/lebesby-231x300.jpg 231w\" sizes=\"(max-width: 640px) 100vw, 640px\" title=\"2 meter kveite p\u00e5 105 kg tatt med sirkelkrok 16\/0 og 4.5mm flettet polyester ved Lebesby, Finnmark\" alt=\"\" \t\tclass=\"so-widget-image\"\/>\n\t<\/div>\n\n<h3 class=\"widget-title\">2 meter kveite p\u00e5 105 kg tatt med sirkelkrok 16\/0 og 4.5mm flettet polyester ved Lebesby, Finnmark<\/h3><\/div><\/div><\/div><\/div><div id=\"pg-18-1\"  class=\"panel-grid panel-no-style\" ><div id=\"pgc-18-1-0\"  class=\"panel-grid-cell\" ><div id=\"panel-18-1-0-0\" class=\"so-panel widget widget_sow-image panel-first-child panel-last-child\" data-index=\"3\" ><div\n\t\t\t\n\t\t\tclass=\"so-widget-sow-image so-widget-sow-image-default-334eeca80698-18\"\n\t\t\t\n\t\t>\n<div class=\"sow-image-container\">\n\t\t<img \n\tsrc=\"https:\/\/longlinefishing.biz\/es\/wp-content\/uploads\/2023\/10\/Sverige.jpg\" width=\"540\" height=\"960\" srcset=\"https:\/\/longlinefishing.biz\/es\/wp-content\/uploads\/2023\/10\/Sverige.jpg 540w, https:\/\/longlinefishing.biz\/es\/wp-content\/uploads\/2023\/10\/Sverige-169x300.jpg 169w\" sizes=\"(max-width: 540px) 100vw, 540px\" title=\"35 kg kveite tatt ved Hitra med 14\/0 sirkelkrok og 5mm flettet polyester\" alt=\"\" \t\tclass=\"so-widget-image\"\/>\n\t<\/div>\n\n<h3 class=\"widget-title\">35 kg kveite tatt ved Hitra med 14\/0 sirkelkrok og 5mm flettet polyester<\/h3><\/div><\/div><\/div><div id=\"pgc-18-1-1\"  class=\"panel-grid-cell\" ><div id=\"panel-18-1-1-0\" class=\"so-panel widget widget_sow-image panel-first-child panel-last-child\" data-index=\"4\" ><div\n\t\t\t\n\t\t\tclass=\"so-widget-sow-image so-widget-sow-image-default-334eeca80698-18\"\n\t\t\t\n\t\t>\n<div class=\"sow-image-container\">\n\t\t<img \n\tsrc=\"https:\/\/longlinefishing.biz\/es\/wp-content\/uploads\/2023\/10\/KveiteCompressed.jpg\" width=\"448\" height=\"297\" srcset=\"https:\/\/longlinefishing.biz\/es\/wp-content\/uploads\/2023\/10\/KveiteCompressed.jpg 448w, https:\/\/longlinefishing.biz\/es\/wp-content\/uploads\/2023\/10\/KveiteCompressed-300x199.jpg 300w\" sizes=\"(max-width: 448px) 100vw, 448px\" title=\"70 kg kveite tatt utenfor Tvedestrand, samt mye stor- torsk, p\u00e5 Kveiteline i stamp 4.5mm tau og halvsirkelkrok 14\/0 med ring\" alt=\"\" \t\tclass=\"so-widget-image\"\/>\n\t<\/div>\n\n<h3 class=\"widget-title\">70 kg kveite tatt utenfor Tvedestrand, samt mye stor- torsk, p\u00e5 Kveiteline i stamp 4.5mm tau og halvsirkelkrok 14\/0 med ring<\/h3><\/div><\/div><\/div><div id=\"pgc-18-1-2\"  class=\"panel-grid-cell\" ><div id=\"panel-18-1-2-0\" class=\"so-panel widget widget_sow-image panel-first-child panel-last-child\" data-index=\"5\" ><div\n\t\t\t\n\t\t\tclass=\"so-widget-sow-image so-widget-sow-image-default-334eeca80698-18\"\n\t\t\t\n\t\t>\n<div class=\"sow-image-container\">\n\t\t<img \n\tsrc=\"https:\/\/longlinefishing.biz\/es\/wp-content\/uploads\/2023\/10\/LangeCompressed.jpg\" width=\"306\" height=\"448\" srcset=\"https:\/\/longlinefishing.biz\/es\/wp-content\/uploads\/2023\/10\/LangeCompressed.jpg 306w, https:\/\/longlinefishing.biz\/es\/wp-content\/uploads\/2023\/10\/LangeCompressed-205x300.jpg 205w\" sizes=\"(max-width: 306px) 100vw, 306px\" title=\"160cm lange tatt med fiskelys og rustfri krok 14\/0 \u2013 halvsirkel \u2013 med ring. Tatt utenfor Levanger\" alt=\"\" \t\tclass=\"so-widget-image\"\/>\n\t<\/div>\n\n<h3 class=\"widget-title\">160cm lange tatt med fiskelys og rustfri krok 14\/0 \u2013 halvsirkel \u2013 med ring. Tatt utenfor Levanger<\/h3><\/div><\/div><\/div><\/div><div id=\"pg-18-2\"  class=\"panel-grid panel-no-style\" ><div id=\"pgc-18-2-0\"  class=\"panel-grid-cell\" ><div id=\"panel-18-2-0-0\" class=\"so-panel widget widget_sow-image panel-first-child panel-last-child\" data-index=\"6\" ><div\n\t\t\t\n\t\t\tclass=\"so-widget-sow-image so-widget-sow-image-default-334eeca80698-18\"\n\t\t\t\n\t\t>\n<div class=\"sow-image-container\">\n\t\t<img \n\tsrc=\"https:\/\/longlinefishing.biz\/es\/wp-content\/uploads\/2023\/10\/Orlov.jpg\" width=\"600\" height=\"894\" srcset=\"https:\/\/longlinefishing.biz\/es\/wp-content\/uploads\/2023\/10\/Orlov.jpg 600w, https:\/\/longlinefishing.biz\/es\/wp-content\/uploads\/2023\/10\/Orlov-201x300.jpg 201w\" sizes=\"(max-width: 600px) 100vw, 600px\" title=\"2 x 50kg malle (Catfish) tatt ved Syzran, elva Volga med \u00e5pen krok 3.4&quot;\" alt=\"\" \t\tclass=\"so-widget-image\"\/>\n\t<\/div>\n\n<h3 class=\"widget-title\">2 x 50kg malle (Catfish) tatt ved Syzran, elva Volga med \u00e5pen krok 3.4\"<\/h3><\/div><\/div><\/div><div id=\"pgc-18-2-1\"  class=\"panel-grid-cell panel-grid-cell-empty panel-grid-cell-mobile-last\" ><\/div><div id=\"pgc-18-2-2\"  class=\"panel-grid-cell panel-grid-cell-empty\" ><\/div><\/div><\/div>","protected":false},"excerpt":{"rendered":"<p>Makrellst\u00f8rje tatt p\u00e5 v\u00e5rt utstyr, september 2019 P\u00e5skekveite tatt utenfor Stadt med 16\/0 sirkelkrok, 100mm klips og 4.5mm hvit flettet polyesterline 2 meter kveite p\u00e5 105 kg tatt med sirkelkrok 16\/0 og 4.5mm flettet polyester ved Lebesby, Finnmark 35 kg kveite tatt ved Hitra med 14\/0 sirkelkrok og 5mm flettet polyester 70 kg kveite tatt [&hellip;]<\/p>\n","protected":false},"author":1,"featured_media":0,"parent":0,"menu_order":0,"comment_status":"closed","ping_status":"closed","template":"","meta":{"footnotes":""},"class_list":["post-18","page","type-page","status-publish","hentry","post"],"_links":{"self":[{"href":"https:\/\/longlinefishing.biz\/es\/wp-json\/wp\/v2\/pages\/18","targetHints":{"allow":["GET"]}}],"collection":[{"href":"https:\/\/longlinefishing.biz\/es\/wp-json\/wp\/v2\/pages"}],"about":[{"href":"https:\/\/longlinefishing.biz\/es\/wp-json\/wp\/v2\/types\/page"}],"author":[{"embeddable":true,"href":"https:\/\/longlinefishing.biz\/es\/wp-json\/wp\/v2\/users\/1"}],"replies":[{"embeddable":true,"href":"https:\/\/longlinefishing.biz\/es\/wp-json\/wp\/v2\/comments?post=18"}],"version-history":[{"count":8,"href":"https:\/\/longlinefishing.biz\/es\/wp-json\/wp\/v2\/pages\/18\/revisions"}],"predecessor-version":[{"id":501,"href":"https:\/\/longlinefishing.biz\/es\/wp-json\/wp\/v2\/pages\/18\/revisions\/501"}],"wp:attachment":[{"href":"https:\/\/longlinefishing.biz\/es\/wp-json\/wp\/v2\/media?parent=18"}],"curies":[{"name":"wp","href":"https:\/\/api.w.org\/{rel}","templated":true}]}}