{"id":16,"date":"2023-08-30T08:28:19","date_gmt":"2023-08-30T08:28:19","guid":{"rendered":"https:\/\/new.havfiskeri.no\/?page_id=16"},"modified":"2023-11-06T06:02:28","modified_gmt":"2023-11-06T06:02:28","slug":"sobre-nosotros","status":"publish","type":"page","link":"https:\/\/longlinefishing.biz\/es\/sobre-nosotros\/","title":{"rendered":"Sobre nosotros"},"content":{"rendered":"<div id=\"pl-16\"  class=\"panel-layout\" ><div id=\"pg-16-0\"  class=\"panel-grid panel-has-style\" ><div class=\"panel-row-style panel-row-style-for-16-0\" ><div id=\"pgc-16-0-0\"  class=\"panel-grid-cell\" ><div id=\"panel-16-0-0-0\" class=\"so-panel widget widget_text panel-first-child panel-last-child\" data-index=\"0\" >\t\t\t<div class=\"textwidget\"><p>Artisan Fisheries Consultants comenz\u00f3 sus actividades comerciales en El Puerto de Santa Mar\u00eda, en Andaluc\u00eda (Espa\u00f1a), puerto de tierra de las expediciones de Christophe Colomb. La primera publicidad de Google Adwords se lanz\u00f3 en el mercado en diciembre de 2005. Desde entonces, nuestro sitio recibi\u00f3 1,000,000 visitas. Utilizamos la sociedad de transporte FedEx en Europa y los servicios de transporte a\u00e9reo para otras regiones, adem\u00e1s de la modalidad PayPal para los pagos. Hemos enviado m\u00e1s de 2.500 paquetes.<\/p>\n<\/div>\n\t\t<\/div><\/div><div id=\"pgc-16-0-1\"  class=\"panel-grid-cell\" ><div id=\"panel-16-0-1-0\" class=\"so-panel widget widget_sow-image panel-first-child panel-last-child\" data-index=\"1\" ><div\n\t\t\t\n\t\t\tclass=\"so-widget-sow-image so-widget-sow-image-default-8b5b6f678277-16\"\n\t\t\t\n\t\t>\n<div class=\"sow-image-container\">\n\t\t<img \n\tsrc=\"https:\/\/longlinefishing.biz\/es\/wp-content\/uploads\/2023\/11\/about2.jpg\" width=\"375\" height=\"225\" srcset=\"https:\/\/longlinefishing.biz\/es\/wp-content\/uploads\/2023\/11\/about2.jpg 375w, https:\/\/longlinefishing.biz\/es\/wp-content\/uploads\/2023\/11\/about2-300x180.jpg 300w\" sizes=\"(max-width: 375px) 100vw, 375px\" alt=\"\" \t\tclass=\"so-widget-image\"\/>\n\t<\/div>\n\n<\/div><\/div><\/div><\/div><\/div><div id=\"pg-16-1\"  class=\"panel-grid panel-has-style\" ><div class=\"panel-row-style panel-row-style-for-16-1\" ><div id=\"pgc-16-1-0\"  class=\"panel-grid-cell\" ><div id=\"panel-16-1-0-0\" class=\"so-panel widget widget_text panel-first-child panel-last-child\" data-index=\"2\" >\t\t\t<div class=\"textwidget\"><h2 class=\"entry-title\">Equipo de pesca<\/h2>\n<p>Nuestro trabajo es altamente artesanal: la mayor parte de los art\u00edculos son fabricados aqu\u00ed por pecheurs locaux que utilizan materiales de estreno que nos compran en el lugar o que importamos de Extremo Oriente. Adem\u00e1s de ser el primer pa\u00eds de pesca en la UE, Espa\u00f1a es muy competitiva y cuenta con millones de peque\u00f1as empresas de fabricaci\u00f3n y exportaci\u00f3n de motores de pesca. Somos algunos en medida de garant\u00eda de retrasos en la entrega gracias a nuestra red de proveedores.<\/p>\n<\/div>\n\t\t<\/div><\/div><\/div><\/div><div id=\"pg-16-2\"  class=\"panel-grid panel-has-style\" ><div class=\"about-us panel-row-style panel-row-style-for-16-2\" ><div id=\"pgc-16-2-0\"  class=\"panel-grid-cell panel-grid-cell-empty\" ><\/div><div id=\"pgc-16-2-1\"  class=\"panel-grid-cell\" ><div id=\"panel-16-2-1-0\" class=\"so-panel widget widget_sow-image panel-first-child panel-last-child\" data-index=\"3\" ><div\n\t\t\t\n\t\t\tclass=\"so-widget-sow-image so-widget-sow-image-default-89f16426b92c-16\"\n\t\t\t\n\t\t>\n<div class=\"sow-image-container\">\n\t\t<img \n\tsrc=\"https:\/\/longlinefishing.biz\/es\/wp-content\/uploads\/2023\/11\/about1.jpg\" width=\"300\" height=\"235\" sizes=\"(max-width: 300px) 100vw, 300px\" title=\"Packing 250 line baskets for a development program in Angola\" alt=\"\" \t\tclass=\"so-widget-image\"\/>\n\t<\/div>\n\n<h3 class=\"widget-title\">Packing 250 line baskets for a development program in Angola<\/h3><\/div><\/div><\/div><div id=\"pgc-16-2-2\"  class=\"panel-grid-cell panel-grid-cell-mobile-last\" ><div id=\"panel-16-2-2-0\" class=\"so-panel widget widget_sow-image panel-first-child panel-last-child\" data-index=\"4\" ><div\n\t\t\t\n\t\t\tclass=\"so-widget-sow-image so-widget-sow-image-default-8b5b6f678277-16\"\n\t\t\t\n\t\t>\n<div class=\"sow-image-container\">\n\t\t<img \n\tsrc=\"https:\/\/longlinefishing.biz\/es\/wp-content\/uploads\/2023\/11\/about3.jpg\" width=\"300\" height=\"240\" sizes=\"(max-width: 300px) 100vw, 300px\" title=\"Mounting a 1000 hook swordfish line for Cyprus\" alt=\"\" \t\tclass=\"so-widget-image\"\/>\n\t<\/div>\n\n<h3 class=\"widget-title\">Mounting a 1000 hook swordfish line for Cyprus<\/h3><\/div><\/div><\/div><div id=\"pgc-16-2-3\"  class=\"panel-grid-cell panel-grid-cell-empty\" ><\/div><\/div><\/div><\/div>","protected":false},"excerpt":{"rendered":"<p>Artisan Fisheries Consultants comenz\u00f3 sus actividades comerciales en El Puerto de Santa Mar\u00eda, en Andaluc\u00eda (Espa\u00f1a), puerto de tierra de las expediciones de Christophe Colomb. La primera publicidad de Google Adwords se lanz\u00f3 en el mercado en diciembre de 2005. Desde entonces, nuestro sitio recibi\u00f3 1,000,000 visitas. Utilizamos la sociedad de transporte FedEx en Europa [&hellip;]<\/p>\n","protected":false},"author":1,"featured_media":0,"parent":0,"menu_order":0,"comment_status":"closed","ping_status":"closed","template":"","meta":{"footnotes":""},"class_list":["post-16","page","type-page","status-publish","hentry","post"],"_links":{"self":[{"href":"https:\/\/longlinefishing.biz\/es\/wp-json\/wp\/v2\/pages\/16","targetHints":{"allow":["GET"]}}],"collection":[{"href":"https:\/\/longlinefishing.biz\/es\/wp-json\/wp\/v2\/pages"}],"about":[{"href":"https:\/\/longlinefishing.biz\/es\/wp-json\/wp\/v2\/types\/page"}],"author":[{"embeddable":true,"href":"https:\/\/longlinefishing.biz\/es\/wp-json\/wp\/v2\/users\/1"}],"replies":[{"embeddable":true,"href":"https:\/\/longlinefishing.biz\/es\/wp-json\/wp\/v2\/comments?post=16"}],"version-history":[{"count":99,"href":"https:\/\/longlinefishing.biz\/es\/wp-json\/wp\/v2\/pages\/16\/revisions"}],"predecessor-version":[{"id":529,"href":"https:\/\/longlinefishing.biz\/es\/wp-json\/wp\/v2\/pages\/16\/revisions\/529"}],"wp:attachment":[{"href":"https:\/\/longlinefishing.biz\/es\/wp-json\/wp\/v2\/media?parent=16"}],"curies":[{"name":"wp","href":"https:\/\/api.w.org\/{rel}","templated":true}]}}