{"id":117,"date":"2023-09-08T10:10:13","date_gmt":"2023-09-08T10:10:13","guid":{"rendered":"https:\/\/new.havfiskeri.no\/?page_id=117"},"modified":"2023-12-05T16:33:37","modified_gmt":"2023-12-05T16:33:37","slug":"pagina-de-inicio","status":"publish","type":"page","link":"https:\/\/longlinefishing.biz\/es\/","title":{"rendered":"P\u00e1gina de inicio"},"content":{"rendered":"<div id=\"pl-117\"  class=\"panel-layout\" ><div id=\"pg-117-0\"  class=\"panel-grid panel-has-style\" ><div class=\"siteorigin-panels-stretch panel-row-style panel-row-style-for-117-0\" data-stretch-type=\"full\" ><div id=\"pgc-117-0-0\"  class=\"panel-grid-cell\" ><div id=\"panel-117-0-0-0\" class=\"widget_text so-panel widget widget_custom_html panel-first-child\" data-index=\"0\" ><div class=\"widget_text panel-widget-style panel-widget-style-for-117-0-0-0\" ><div class=\"textwidget custom-html-widget\"><h1 style=\"font-size:1.7rem;line-height:32px;margin:0;color:#e9f7ff;text-align:center\">Regresamos de Noruega a la UE - Portugal. Te conseguimos todo lo que necesitas para pescar. La oficina est\u00e1 en Lisboa y la producci\u00f3n y el almac\u00e9n est\u00e1n ubicados en la hermosa Sesimbra.<\/h1><\/div><\/div><\/div><div id=\"panel-117-0-0-1\" class=\"so-panel widget widget_siteorigin-panels-builder\" data-index=\"1\" ><div id=\"pl-w656f50e138573\"  class=\"panel-layout\" ><div id=\"pg-w656f50e138573-0\"  class=\"panel-grid panel-no-style\" ><div id=\"pgc-w656f50e138573-0-0\"  class=\"panel-grid-cell panel-grid-cell-empty\" ><\/div><div id=\"pgc-w656f50e138573-0-1\"  class=\"panel-grid-cell\" ><div class=\"panel-cell-style panel-cell-style-for-w656f50e138573-0-1\" ><div id=\"panel-w656f50e138573-0-1-0\" class=\"so-panel widget widget_sow-image panel-first-child\" data-index=\"0\" ><div\n\t\t\t\n\t\t\tclass=\"so-widget-sow-image so-widget-sow-image-default-e4c2d9f6c920\"\n\t\t\t\n\t\t>\n<div class=\"sow-image-container\">\n\t\t<img \n\tsrc=\"https:\/\/longlinefishing.biz\/es\/wp-content\/uploads\/2023\/11\/Artisan-fisheries.png\" width=\"240\" height=\"92\" sizes=\"(max-width: 240px) 100vw, 240px\" alt=\"\" \t\tclass=\"so-widget-image\"\/>\n\t<\/div>\n\n<\/div><\/div><div id=\"panel-w656f50e138573-0-1-1\" class=\"so-panel widget widget_sow-image panel-last-child\" data-index=\"1\" ><div class=\"panel-widget-style panel-widget-style-for-w656f50e138573-0-1-1\" ><div\n\t\t\t\n\t\t\tclass=\"so-widget-sow-image so-widget-sow-image-default-e4c2d9f6c920\"\n\t\t\t\n\t\t>\n<div class=\"sow-image-container\">\n\t\t<img \n\tsrc=\"https:\/\/longlinefishing.biz\/es\/wp-content\/uploads\/2023\/11\/havfiskeri.png\" width=\"477\" height=\"187\" srcset=\"https:\/\/longlinefishing.biz\/es\/wp-content\/uploads\/2023\/11\/havfiskeri.png 477w, https:\/\/longlinefishing.biz\/es\/wp-content\/uploads\/2023\/11\/havfiskeri-300x118.png 300w\" sizes=\"(max-width: 477px) 100vw, 477px\" alt=\"\" \t\tclass=\"so-widget-image\"\/>\n\t<\/div>\n\n<\/div><\/div><\/div><\/div><\/div><\/div><\/div><\/div><div id=\"panel-117-0-0-2\" class=\"so-panel widget widget_siteorigin-panels-builder panel-last-child\" data-index=\"2\" ><div id=\"pl-w65482b822bbe2\"  class=\"panel-layout\" ><div id=\"pg-w65482b822bbe2-0\"  class=\"panel-grid panel-no-style\" ><div id=\"pgc-w65482b822bbe2-0-0\"  class=\"panel-grid-cell panel-grid-cell-empty\" ><\/div><div id=\"pgc-w65482b822bbe2-0-1\"  class=\"panel-grid-cell panel-grid-cell-empty\" ><\/div><div id=\"pgc-w65482b822bbe2-0-2\"  class=\"panel-grid-cell\" ><div id=\"panel-w65482b822bbe2-0-2-0\" class=\"so-panel widget widget_sow-anything-carousel panel-first-child panel-last-child\" data-index=\"0\" ><div class=\"panel-widget-style panel-widget-style-for-w65482b822bbe2-0-2-0\" ><div\n\t\t\t\n\t\t\tclass=\"so-widget-sow-anything-carousel so-widget-sow-anything-carousel-base-54d49ecaa160\"\n\t\t\t\n\t\t><div class=\"sow-carousel-title\">\n\t<\/div>\n\n<div class=\"sow-carousel-container \">\n\t\t\t<div class=\"sow-carousel-navigation sow-carousel-navigation-prev sow-carousel-navigation-hidden\">\n\t\t\t\t\t\t<a href=\"#\" class=\"sow-carousel-previous\" title=\"Previous\" aria-label=\"Previous Posts\" role=\"button\"><\/a>\n\t\t\t\t\t<\/div>\n\t\t<div class=\"sow-carousel-wrapper\"\n\t\tdata-dir=\"ltr\"\n\t\tstyle=\"opacity: 0;\"\n\t\tdata-widget=\"anything\" data-item_count=\"16\" data-loop=\"\" data-carousel_settings=\"{&quot;loop&quot;:true,&quot;dots&quot;:false,&quot;animation&quot;:&quot;ease&quot;,&quot;animation_speed&quot;:800,&quot;autoplay&quot;:true,&quot;pauseOnHover&quot;:false,&quot;autoplaySpeed&quot;:8000,&quot;item_overflow&quot;:false,&quot;adaptive_height&quot;:true}\" data-responsive=\"{&quot;desktop_slides_to_scroll&quot;:1,&quot;tablet_landscape_breakpoint&quot;:1366,&quot;tablet_landscape_slides_to_scroll&quot;:1,&quot;tablet_portrait_breakpoint&quot;:1025,&quot;tablet_portrait_slides_to_scroll&quot;:1,&quot;mobile_breakpoint&quot;:480,&quot;mobile_slides_to_scroll&quot;:1,&quot;desktop_slides_to_show&quot;:1,&quot;tablet_landscape_slides_to_show&quot;:1,&quot;tablet_portrait_slides_to_show&quot;:1,&quot;mobile_slides_to_show&quot;:1}\" \t>\n\t\t<div\n\t\t\tclass=\"sow-carousel-items\"\n\t\t\t\t\t>\n\t\t\t\t<div class=\"sow-carousel-item\" tabindex=\"-1\">\n\t\t\n\t\t<div class=\"sow-carousel-content\">\n\t\t\t<img loading=\"lazy\" decoding=\"async\" src=\"https:\/\/longlinefishing.biz\/en-new\/wp-content\/uploads\/2023\/11\/1.3.1.jpg\" alt=\"\" width=\"800\" height=\"800\" class=\"alignnone size-full wp-image-456\" srcset=\"https:\/\/longlinefishing.biz\/es\/wp-content\/uploads\/2023\/11\/1.3.1.jpg 800w, https:\/\/longlinefishing.biz\/es\/wp-content\/uploads\/2023\/11\/1.3.1-300x300.jpg 300w, https:\/\/longlinefishing.biz\/es\/wp-content\/uploads\/2023\/11\/1.3.1-150x150.jpg 150w, https:\/\/longlinefishing.biz\/es\/wp-content\/uploads\/2023\/11\/1.3.1-768x768.jpg 768w, https:\/\/longlinefishing.biz\/es\/wp-content\/uploads\/2023\/11\/1.3.1-500x500.jpg 500w\" sizes=\"auto, (max-width: 800px) 100vw, 800px\" \/>\t\t<\/div>\n\t<\/div>\n\t\t<div class=\"sow-carousel-item\" tabindex=\"-1\">\n\t\t\n\t\t<div class=\"sow-carousel-content\">\n\t\t\t<p><img loading=\"lazy\" decoding=\"async\" class=\"alignnone wp-image-457 size-full\" src=\"https:\/\/longlinefishing.biz\/en-new\/wp-content\/uploads\/2023\/11\/9.3.5.jpg\" alt=\"\" width=\"800\" height=\"800\" srcset=\"https:\/\/longlinefishing.biz\/es\/wp-content\/uploads\/2023\/11\/9.3.5.jpg 800w, https:\/\/longlinefishing.biz\/es\/wp-content\/uploads\/2023\/11\/9.3.5-300x300.jpg 300w, https:\/\/longlinefishing.biz\/es\/wp-content\/uploads\/2023\/11\/9.3.5-150x150.jpg 150w, https:\/\/longlinefishing.biz\/es\/wp-content\/uploads\/2023\/11\/9.3.5-768x768.jpg 768w, https:\/\/longlinefishing.biz\/es\/wp-content\/uploads\/2023\/11\/9.3.5-500x500.jpg 500w\" sizes=\"auto, (max-width: 800px) 100vw, 800px\" \/><\/p>\n\t\t<\/div>\n\t<\/div>\n\t\t<div class=\"sow-carousel-item\" tabindex=\"-1\">\n\t\t\n\t\t<div class=\"sow-carousel-content\">\n\t\t\t<p><img loading=\"lazy\" decoding=\"async\" class=\"alignnone wp-image-461 size-full\" src=\"https:\/\/longlinefishing.biz\/en-new\/wp-content\/uploads\/2023\/11\/125mm-snap.jpg\" alt=\"\" width=\"800\" height=\"800\" srcset=\"https:\/\/longlinefishing.biz\/es\/wp-content\/uploads\/2023\/11\/125mm-snap.jpg 800w, https:\/\/longlinefishing.biz\/es\/wp-content\/uploads\/2023\/11\/125mm-snap-300x300.jpg 300w, https:\/\/longlinefishing.biz\/es\/wp-content\/uploads\/2023\/11\/125mm-snap-150x150.jpg 150w, https:\/\/longlinefishing.biz\/es\/wp-content\/uploads\/2023\/11\/125mm-snap-768x768.jpg 768w, https:\/\/longlinefishing.biz\/es\/wp-content\/uploads\/2023\/11\/125mm-snap-500x500.jpg 500w\" sizes=\"auto, (max-width: 800px) 100vw, 800px\" \/><\/p>\n\t\t<\/div>\n\t<\/div>\n\t\t<div class=\"sow-carousel-item\" tabindex=\"-1\">\n\t\t\n\t\t<div class=\"sow-carousel-content\">\n\t\t\t<p><img loading=\"lazy\" decoding=\"async\" class=\"alignnone wp-image-458 size-full\" src=\"https:\/\/longlinefishing.biz\/en-new\/wp-content\/uploads\/2023\/11\/60-gr.-hardflyt.jpg\" alt=\"\" width=\"800\" height=\"800\" srcset=\"https:\/\/longlinefishing.biz\/es\/wp-content\/uploads\/2023\/11\/60-gr.-hardflyt.jpg 800w, https:\/\/longlinefishing.biz\/es\/wp-content\/uploads\/2023\/11\/60-gr.-hardflyt-300x300.jpg 300w, https:\/\/longlinefishing.biz\/es\/wp-content\/uploads\/2023\/11\/60-gr.-hardflyt-150x150.jpg 150w, https:\/\/longlinefishing.biz\/es\/wp-content\/uploads\/2023\/11\/60-gr.-hardflyt-768x768.jpg 768w, https:\/\/longlinefishing.biz\/es\/wp-content\/uploads\/2023\/11\/60-gr.-hardflyt-500x500.jpg 500w\" sizes=\"auto, (max-width: 800px) 100vw, 800px\" \/><\/p>\n\t\t<\/div>\n\t<\/div>\n\t\t<div class=\"sow-carousel-item\" tabindex=\"-1\">\n\t\t\n\t\t<div class=\"sow-carousel-content\">\n\t\t\t<p><img loading=\"lazy\" decoding=\"async\" class=\"alignnone wp-image-460 size-full\" src=\"https:\/\/longlinefishing.biz\/en-new\/wp-content\/uploads\/2023\/11\/120-gr.-Skumflyt.jpg\" alt=\"\" width=\"800\" height=\"800\" srcset=\"https:\/\/longlinefishing.biz\/es\/wp-content\/uploads\/2023\/11\/120-gr.-Skumflyt.jpg 800w, https:\/\/longlinefishing.biz\/es\/wp-content\/uploads\/2023\/11\/120-gr.-Skumflyt-300x300.jpg 300w, https:\/\/longlinefishing.biz\/es\/wp-content\/uploads\/2023\/11\/120-gr.-Skumflyt-150x150.jpg 150w, https:\/\/longlinefishing.biz\/es\/wp-content\/uploads\/2023\/11\/120-gr.-Skumflyt-768x768.jpg 768w, https:\/\/longlinefishing.biz\/es\/wp-content\/uploads\/2023\/11\/120-gr.-Skumflyt-500x500.jpg 500w\" sizes=\"auto, (max-width: 800px) 100vw, 800px\" \/><\/p>\n\t\t<\/div>\n\t<\/div>\n\t\t<div class=\"sow-carousel-item\" tabindex=\"-1\">\n\t\t\n\t\t<div class=\"sow-carousel-content\">\n\t\t\t<p><img loading=\"lazy\" decoding=\"async\" class=\"alignnone wp-image-462 size-full\" src=\"https:\/\/longlinefishing.biz\/en-new\/wp-content\/uploads\/2023\/11\/20140126_155238.jpg\" alt=\"\" width=\"800\" height=\"800\" srcset=\"https:\/\/longlinefishing.biz\/es\/wp-content\/uploads\/2023\/11\/20140126_155238.jpg 800w, https:\/\/longlinefishing.biz\/es\/wp-content\/uploads\/2023\/11\/20140126_155238-300x300.jpg 300w, https:\/\/longlinefishing.biz\/es\/wp-content\/uploads\/2023\/11\/20140126_155238-150x150.jpg 150w, https:\/\/longlinefishing.biz\/es\/wp-content\/uploads\/2023\/11\/20140126_155238-768x768.jpg 768w, https:\/\/longlinefishing.biz\/es\/wp-content\/uploads\/2023\/11\/20140126_155238-500x500.jpg 500w\" sizes=\"auto, (max-width: 800px) 100vw, 800px\" \/><\/p>\n\t\t<\/div>\n\t<\/div>\n\t\t<div class=\"sow-carousel-item\" tabindex=\"-1\">\n\t\t\n\t\t<div class=\"sow-carousel-content\">\n\t\t\t<p><img loading=\"lazy\" decoding=\"async\" class=\"alignnone wp-image-463 size-full\" src=\"https:\/\/longlinefishing.biz\/en-new\/wp-content\/uploads\/2023\/11\/asso.jpg\" alt=\"\" width=\"800\" height=\"800\" srcset=\"https:\/\/longlinefishing.biz\/es\/wp-content\/uploads\/2023\/11\/asso.jpg 800w, https:\/\/longlinefishing.biz\/es\/wp-content\/uploads\/2023\/11\/asso-300x300.jpg 300w, https:\/\/longlinefishing.biz\/es\/wp-content\/uploads\/2023\/11\/asso-150x150.jpg 150w, https:\/\/longlinefishing.biz\/es\/wp-content\/uploads\/2023\/11\/asso-768x768.jpg 768w, https:\/\/longlinefishing.biz\/es\/wp-content\/uploads\/2023\/11\/asso-500x500.jpg 500w\" sizes=\"auto, (max-width: 800px) 100vw, 800px\" \/><\/p>\n\t\t<\/div>\n\t<\/div>\n\t\t<div class=\"sow-carousel-item\" tabindex=\"-1\">\n\t\t\n\t\t<div class=\"sow-carousel-content\">\n\t\t\t<p><img loading=\"lazy\" decoding=\"async\" class=\"alignnone wp-image-464 size-full\" src=\"https:\/\/longlinefishing.biz\/en-new\/wp-content\/uploads\/2023\/11\/Bekina.jpg\" alt=\"\" width=\"800\" height=\"800\" srcset=\"https:\/\/longlinefishing.biz\/es\/wp-content\/uploads\/2023\/11\/Bekina.jpg 800w, https:\/\/longlinefishing.biz\/es\/wp-content\/uploads\/2023\/11\/Bekina-300x300.jpg 300w, https:\/\/longlinefishing.biz\/es\/wp-content\/uploads\/2023\/11\/Bekina-150x150.jpg 150w, https:\/\/longlinefishing.biz\/es\/wp-content\/uploads\/2023\/11\/Bekina-768x768.jpg 768w, https:\/\/longlinefishing.biz\/es\/wp-content\/uploads\/2023\/11\/Bekina-500x500.jpg 500w\" sizes=\"auto, (max-width: 800px) 100vw, 800px\" \/><\/p>\n\t\t<\/div>\n\t<\/div>\n\t\t<div class=\"sow-carousel-item\" tabindex=\"-1\">\n\t\t\n\t\t<div class=\"sow-carousel-content\">\n\t\t\t<p><img loading=\"lazy\" decoding=\"async\" class=\"alignnone wp-image-465 size-full\" src=\"https:\/\/longlinefishing.biz\/en-new\/wp-content\/uploads\/2023\/11\/Jacket-Altomar.jpg\" alt=\"\" width=\"800\" height=\"800\" srcset=\"https:\/\/longlinefishing.biz\/es\/wp-content\/uploads\/2023\/11\/Jacket-Altomar.jpg 800w, https:\/\/longlinefishing.biz\/es\/wp-content\/uploads\/2023\/11\/Jacket-Altomar-300x300.jpg 300w, https:\/\/longlinefishing.biz\/es\/wp-content\/uploads\/2023\/11\/Jacket-Altomar-150x150.jpg 150w, https:\/\/longlinefishing.biz\/es\/wp-content\/uploads\/2023\/11\/Jacket-Altomar-768x768.jpg 768w, https:\/\/longlinefishing.biz\/es\/wp-content\/uploads\/2023\/11\/Jacket-Altomar-500x500.jpg 500w\" sizes=\"auto, (max-width: 800px) 100vw, 800px\" \/><\/p>\n\t\t<\/div>\n\t<\/div>\n\t\t<div class=\"sow-carousel-item\" tabindex=\"-1\">\n\t\t\n\t\t<div class=\"sow-carousel-content\">\n\t\t\t<p><img loading=\"lazy\" decoding=\"async\" class=\"alignnone wp-image-467 size-full\" src=\"https:\/\/longlinefishing.biz\/en-new\/wp-content\/uploads\/2023\/11\/LP-Styreventil.jpg\" alt=\"\" width=\"800\" height=\"800\" srcset=\"https:\/\/longlinefishing.biz\/es\/wp-content\/uploads\/2023\/11\/LP-Styreventil.jpg 800w, https:\/\/longlinefishing.biz\/es\/wp-content\/uploads\/2023\/11\/LP-Styreventil-300x300.jpg 300w, https:\/\/longlinefishing.biz\/es\/wp-content\/uploads\/2023\/11\/LP-Styreventil-150x150.jpg 150w, https:\/\/longlinefishing.biz\/es\/wp-content\/uploads\/2023\/11\/LP-Styreventil-768x768.jpg 768w, https:\/\/longlinefishing.biz\/es\/wp-content\/uploads\/2023\/11\/LP-Styreventil-500x500.jpg 500w\" sizes=\"auto, (max-width: 800px) 100vw, 800px\" \/><\/p>\n\t\t<\/div>\n\t<\/div>\n\t\t<div class=\"sow-carousel-item\" tabindex=\"-1\">\n\t\t\n\t\t<div class=\"sow-carousel-content\">\n\t\t\t<p><img loading=\"lazy\" decoding=\"async\" class=\"alignnone wp-image-468 size-full\" src=\"https:\/\/longlinefishing.biz\/en-new\/wp-content\/uploads\/2023\/11\/Markorer-for-staur.jpg\" alt=\"\" width=\"800\" height=\"800\" srcset=\"https:\/\/longlinefishing.biz\/es\/wp-content\/uploads\/2023\/11\/Markorer-for-staur.jpg 800w, https:\/\/longlinefishing.biz\/es\/wp-content\/uploads\/2023\/11\/Markorer-for-staur-300x300.jpg 300w, https:\/\/longlinefishing.biz\/es\/wp-content\/uploads\/2023\/11\/Markorer-for-staur-150x150.jpg 150w, https:\/\/longlinefishing.biz\/es\/wp-content\/uploads\/2023\/11\/Markorer-for-staur-768x768.jpg 768w, https:\/\/longlinefishing.biz\/es\/wp-content\/uploads\/2023\/11\/Markorer-for-staur-500x500.jpg 500w\" sizes=\"auto, (max-width: 800px) 100vw, 800px\" \/><\/p>\n\t\t<\/div>\n\t<\/div>\n\t\t<div class=\"sow-carousel-item\" tabindex=\"-1\">\n\t\t\n\t\t<div class=\"sow-carousel-content\">\n\t\t\t<p><img loading=\"lazy\" decoding=\"async\" class=\"alignnone wp-image-469 size-full\" src=\"https:\/\/longlinefishing.biz\/en-new\/wp-content\/uploads\/2023\/11\/polyline.jpg\" alt=\"\" width=\"800\" height=\"800\" srcset=\"https:\/\/longlinefishing.biz\/es\/wp-content\/uploads\/2023\/11\/polyline.jpg 800w, https:\/\/longlinefishing.biz\/es\/wp-content\/uploads\/2023\/11\/polyline-300x300.jpg 300w, https:\/\/longlinefishing.biz\/es\/wp-content\/uploads\/2023\/11\/polyline-150x150.jpg 150w, https:\/\/longlinefishing.biz\/es\/wp-content\/uploads\/2023\/11\/polyline-768x768.jpg 768w, https:\/\/longlinefishing.biz\/es\/wp-content\/uploads\/2023\/11\/polyline-500x500.jpg 500w\" sizes=\"auto, (max-width: 800px) 100vw, 800px\" \/><\/p>\n\t\t<\/div>\n\t<\/div>\n\t\t<div class=\"sow-carousel-item\" tabindex=\"-1\">\n\t\t\n\t\t<div class=\"sow-carousel-content\">\n\t\t\t<p><img loading=\"lazy\" decoding=\"async\" class=\"alignnone wp-image-470 size-full\" src=\"https:\/\/longlinefishing.biz\/en-new\/wp-content\/uploads\/2023\/11\/power-crane.jpg\" alt=\"\" width=\"800\" height=\"800\" srcset=\"https:\/\/longlinefishing.biz\/es\/wp-content\/uploads\/2023\/11\/power-crane.jpg 800w, https:\/\/longlinefishing.biz\/es\/wp-content\/uploads\/2023\/11\/power-crane-300x300.jpg 300w, https:\/\/longlinefishing.biz\/es\/wp-content\/uploads\/2023\/11\/power-crane-150x150.jpg 150w, https:\/\/longlinefishing.biz\/es\/wp-content\/uploads\/2023\/11\/power-crane-768x768.jpg 768w, https:\/\/longlinefishing.biz\/es\/wp-content\/uploads\/2023\/11\/power-crane-500x500.jpg 500w\" sizes=\"auto, (max-width: 800px) 100vw, 800px\" \/><\/p>\n\t\t<\/div>\n\t<\/div>\n\t\t<div class=\"sow-carousel-item\" tabindex=\"-1\">\n\t\t\n\t\t<div class=\"sow-carousel-content\">\n\t\t\t<p><img loading=\"lazy\" decoding=\"async\" class=\"alignnone wp-image-471 size-full\" src=\"https:\/\/longlinefishing.biz\/en-new\/wp-content\/uploads\/2023\/11\/super-sink.jpg\" alt=\"\" width=\"800\" height=\"800\" srcset=\"https:\/\/longlinefishing.biz\/es\/wp-content\/uploads\/2023\/11\/super-sink.jpg 800w, https:\/\/longlinefishing.biz\/es\/wp-content\/uploads\/2023\/11\/super-sink-300x300.jpg 300w, https:\/\/longlinefishing.biz\/es\/wp-content\/uploads\/2023\/11\/super-sink-150x150.jpg 150w, https:\/\/longlinefishing.biz\/es\/wp-content\/uploads\/2023\/11\/super-sink-768x768.jpg 768w, https:\/\/longlinefishing.biz\/es\/wp-content\/uploads\/2023\/11\/super-sink-500x500.jpg 500w\" sizes=\"auto, (max-width: 800px) 100vw, 800px\" \/><\/p>\n\t\t<\/div>\n\t<\/div>\n\t\t<div class=\"sow-carousel-item\" tabindex=\"-1\">\n\t\t\n\t\t<div class=\"sow-carousel-content\">\n\t\t\t<p><img loading=\"lazy\" decoding=\"async\" class=\"alignnone wp-image-472 size-full\" src=\"https:\/\/longlinefishing.biz\/en-new\/wp-content\/uploads\/2023\/11\/table-crimper-for-18mm-to-50mm.jpg\" alt=\"\" width=\"800\" height=\"800\" srcset=\"https:\/\/longlinefishing.biz\/es\/wp-content\/uploads\/2023\/11\/table-crimper-for-18mm-to-50mm.jpg 800w, https:\/\/longlinefishing.biz\/es\/wp-content\/uploads\/2023\/11\/table-crimper-for-18mm-to-50mm-300x300.jpg 300w, https:\/\/longlinefishing.biz\/es\/wp-content\/uploads\/2023\/11\/table-crimper-for-18mm-to-50mm-150x150.jpg 150w, https:\/\/longlinefishing.biz\/es\/wp-content\/uploads\/2023\/11\/table-crimper-for-18mm-to-50mm-768x768.jpg 768w, https:\/\/longlinefishing.biz\/es\/wp-content\/uploads\/2023\/11\/table-crimper-for-18mm-to-50mm-500x500.jpg 500w\" sizes=\"auto, (max-width: 800px) 100vw, 800px\" \/><\/p>\n\t\t<\/div>\n\t<\/div>\n\t\t<div class=\"sow-carousel-item\" tabindex=\"-1\">\n\t\t\n\t\t<div class=\"sow-carousel-content\">\n\t\t\t<p><img loading=\"lazy\" decoding=\"async\" class=\"alignnone wp-image-473 size-full\" src=\"https:\/\/longlinefishing.biz\/en-new\/wp-content\/uploads\/2023\/11\/Torske-Forsyn-light.jpg\" alt=\"\" width=\"800\" height=\"800\" srcset=\"https:\/\/longlinefishing.biz\/es\/wp-content\/uploads\/2023\/11\/Torske-Forsyn-light.jpg 800w, https:\/\/longlinefishing.biz\/es\/wp-content\/uploads\/2023\/11\/Torske-Forsyn-light-300x300.jpg 300w, https:\/\/longlinefishing.biz\/es\/wp-content\/uploads\/2023\/11\/Torske-Forsyn-light-150x150.jpg 150w, https:\/\/longlinefishing.biz\/es\/wp-content\/uploads\/2023\/11\/Torske-Forsyn-light-768x768.jpg 768w, https:\/\/longlinefishing.biz\/es\/wp-content\/uploads\/2023\/11\/Torske-Forsyn-light-500x500.jpg 500w\" sizes=\"auto, (max-width: 800px) 100vw, 800px\" \/><\/p>\n\t\t<\/div>\n\t<\/div>\n\t\t\t<\/div>\n\t\t\t<\/div>\n\n\t\t\t<div class=\"sow-carousel-navigation sow-carousel-navigation-next sow-carousel-navigation-hidden\">\n\t\t\t\t\t\t<a href=\"#\" class=\"sow-carousel-next\" title=\"Next\" aria-label=\"Next Posts\" role=\"button\"><\/a>\n\t\t\t\t\t<\/div>\n\t<\/div>\n<\/div><\/div><\/div><\/div><\/div><\/div><\/div><\/div><\/div><\/div><\/div>","protected":false},"excerpt":{"rendered":"<p>Regresamos de Noruega a la UE &#8211; Portugal. Te conseguimos todo lo que necesitas para pescar. La oficina est\u00e1 en Lisboa y la producci\u00f3n y el almac\u00e9n est\u00e1n ubicados en la hermosa Sesimbra.<\/p>\n","protected":false},"author":1,"featured_media":0,"parent":0,"menu_order":0,"comment_status":"closed","ping_status":"closed","template":"","meta":{"footnotes":""},"class_list":["post-117","page","type-page","status-publish","hentry","post"],"_links":{"self":[{"href":"https:\/\/longlinefishing.biz\/es\/wp-json\/wp\/v2\/pages\/117","targetHints":{"allow":["GET"]}}],"collection":[{"href":"https:\/\/longlinefishing.biz\/es\/wp-json\/wp\/v2\/pages"}],"about":[{"href":"https:\/\/longlinefishing.biz\/es\/wp-json\/wp\/v2\/types\/page"}],"author":[{"embeddable":true,"href":"https:\/\/longlinefishing.biz\/es\/wp-json\/wp\/v2\/users\/1"}],"replies":[{"embeddable":true,"href":"https:\/\/longlinefishing.biz\/es\/wp-json\/wp\/v2\/comments?post=117"}],"version-history":[{"count":155,"href":"https:\/\/longlinefishing.biz\/es\/wp-json\/wp\/v2\/pages\/117\/revisions"}],"predecessor-version":[{"id":563,"href":"https:\/\/longlinefishing.biz\/es\/wp-json\/wp\/v2\/pages\/117\/revisions\/563"}],"wp:attachment":[{"href":"https:\/\/longlinefishing.biz\/es\/wp-json\/wp\/v2\/media?parent=117"}],"curies":[{"name":"wp","href":"https:\/\/api.w.org\/{rel}","templated":true}]}}